{"id":1079,"date":"2022-06-25T01:33:57","date_gmt":"2022-06-25T01:33:57","guid":{"rendered":"https:\/\/www.lemarket.co\/?page_id=1079"},"modified":"2022-06-25T01:41:29","modified_gmt":"2022-06-25T01:41:29","slug":"smarketing","status":"publish","type":"page","link":"https:\/\/www.lemarket.co\/en\/smarketing\/","title":{"rendered":"SMarketing"},"content":{"rendered":"<div data-elementor-type=\"wp-page\" data-elementor-id=\"1079\" class=\"elementor elementor-1079\" data-elementor-post-type=\"page\">\n\t\t\t\t\t\t<section class=\"elementor-section elementor-top-section elementor-element elementor-element-35c37818 elementor-section-content-middle elementor-section-height-min-height elementor-section-boxed elementor-section-height-default elementor-section-items-middle\" data-id=\"35c37818\" data-element_type=\"section\">\n\t\t\t\t\t\t<div class=\"elementor-container elementor-column-gap-wider\">\n\t\t\t\t\t<div class=\"elementor-column elementor-col-50 elementor-top-column elementor-element elementor-element-4e158829 elementor-invisible\" data-id=\"4e158829\" data-element_type=\"column\" data-settings=\"{&quot;background_background&quot;:&quot;classic&quot;,&quot;animation&quot;:&quot;bounceInLeft&quot;}\">\n\t\t\t<div class=\"elementor-widget-wrap elementor-element-populated\">\n\t\t\t\t\t<div class=\"elementor-background-overlay\"><\/div>\n\t\t\t\t\t\t<section class=\"elementor-section elementor-inner-section elementor-element elementor-element-2ac50b5f elementor-section-boxed elementor-section-height-default elementor-section-height-default\" data-id=\"2ac50b5f\" data-element_type=\"section\" data-settings=\"{&quot;background_background&quot;:&quot;classic&quot;}\">\n\t\t\t\t\t\t<div class=\"elementor-container elementor-column-gap-default\">\n\t\t\t\t\t<div class=\"elementor-column elementor-col-100 elementor-inner-column elementor-element elementor-element-6673b763\" data-id=\"6673b763\" data-element_type=\"column\">\n\t\t\t<div class=\"elementor-widget-wrap elementor-element-populated\">\n\t\t\t\t\t\t<div class=\"elementor-element elementor-element-60634b18 elementor-invisible elementor-widget elementor-widget-heading\" data-id=\"60634b18\" data-element_type=\"widget\" data-settings=\"{&quot;_animation&quot;:&quot;bounceInLeft&quot;}\" data-widget_type=\"heading.default\">\n\t\t\t\t<div class=\"elementor-widget-container\">\n\t\t\t\t\t<h2 class=\"elementor-heading-title elementor-size-default\">SMarketing<\/h2>\t\t\t\t<\/div>\n\t\t\t\t<\/div>\n\t\t\t\t\t<\/div>\n\t\t<\/div>\n\t\t\t\t\t<\/div>\n\t\t<\/section>\n\t\t\t\t\t<\/div>\n\t\t<\/div>\n\t\t\t\t<div class=\"elementor-column elementor-col-50 elementor-top-column elementor-element elementor-element-5604f22\" data-id=\"5604f22\" data-element_type=\"column\">\n\t\t\t<div class=\"elementor-widget-wrap elementor-element-populated\">\n\t\t\t\t\t\t<div class=\"elementor-element elementor-element-5a929edf elementor-widget elementor-widget-heading\" data-id=\"5a929edf\" data-element_type=\"widget\" data-widget_type=\"heading.default\">\n\t\t\t\t<div class=\"elementor-widget-container\">\n\t\t\t\t\t<h2 class=\"elementor-heading-title elementor-size-default\">\u00bfCu\u00e1les son los desaf\u00edos?<\/h2>\t\t\t\t<\/div>\n\t\t\t\t<\/div>\n\t\t\t\t<div class=\"elementor-element elementor-element-6ab1940a elementor-invisible elementor-widget elementor-widget-text-editor\" data-id=\"6ab1940a\" data-element_type=\"widget\" data-settings=\"{&quot;_animation&quot;:&quot;bounceInRight&quot;}\" data-widget_type=\"text-editor.default\">\n\t\t\t\t<div class=\"elementor-widget-container\">\n\t\t\t\t\t\t\t\t\t<div class=\"elementor-element elementor-element-196f86a3 elementor-widget elementor-widget-text-editor animated bounceInRight\" style=\"width: 515.45px; margin-bottom: 0px; color: #414141; font-family: Verdana, sans-serif; font-size: 16px; line-height: 2em; font-weight: 400;\" data-id=\"196f86a3\" data-element_type=\"widget\" data-settings=\"{&quot;_animation&quot;:&quot;bounceInRight&quot;}\" data-widget_type=\"text-editor.default\"><div class=\"elementor-widget-container\" style=\"transition: background 0.3s ease 0s, border 0.3s ease 0s, border-radius 0.3s ease 0s, box-shadow 0.3s ease 0s, -webkit-border-radius 0.3s ease 0s, -webkit-box-shadow 0.3s ease 0s;\"><p style=\"overflow-wrap: break-word; margin-bottom: 1rem;\">\u00bfSientes que entre tu \u00e1rea de Marketing y tu \u00e1rea de Ventas no se entienden? \u00bfInviertes en Marketing, pero no cierras las ventas?, \u00bfMarketing no comprende los resultados de ventas?<br \/><br \/><\/p><\/div><\/div><div class=\"elementor-element elementor-element-34f85c2 elementor-widget elementor-widget-heading animated bounceInRight\" style=\"width: 515.45px; margin-bottom: 0px; text-align: center; color: #212529; font-family: Montserrat; font-size: 16px;\" data-id=\"34f85c2\" data-element_type=\"widget\" data-settings=\"{&quot;_animation&quot;:&quot;bounceInRight&quot;}\" data-widget_type=\"heading.default\"><div class=\"elementor-widget-container\" style=\"transition: background 0.3s ease 0s, border 0.3s ease 0s, border-radius 0.3s ease 0s, box-shadow 0.3s ease 0s, -webkit-border-radius 0.3s ease 0s, -webkit-box-shadow 0.3s ease 0s; margin: -30.925px 0px 0px;\"><h2 class=\"elementor-heading-title elementor-size-default\" style=\"overflow-wrap: break-word; font-family: Roboto, sans-serif; color: #333333; font-size: 30px; font-weight: bold; line-height: 1;\">Sales + Marketing = la nueva forma de vender m\u00e1s.<\/h2><\/div><\/div>\t\t\t\t\t\t\t\t<\/div>\n\t\t\t\t<\/div>\n\t\t\t\t<div class=\"elementor-element elementor-element-2aab519f elementor-widget-divider--view-line elementor-invisible elementor-widget elementor-widget-divider\" data-id=\"2aab519f\" data-element_type=\"widget\" data-settings=\"{&quot;_animation&quot;:&quot;bounceInRight&quot;}\" data-widget_type=\"divider.default\">\n\t\t\t\t<div class=\"elementor-widget-container\">\n\t\t\t\t\t\t\t<div class=\"elementor-divider\">\n\t\t\t<span class=\"elementor-divider-separator\">\n\t\t\t\t\t\t<\/span>\n\t\t<\/div>\n\t\t\t\t\t\t<\/div>\n\t\t\t\t<\/div>\n\t\t\t\t<div class=\"elementor-element elementor-element-59fc9f5e elementor-invisible elementor-widget elementor-widget-text-editor\" data-id=\"59fc9f5e\" data-element_type=\"widget\" data-settings=\"{&quot;_animation&quot;:&quot;bounceInRight&quot;}\" data-widget_type=\"text-editor.default\">\n\t\t\t\t<div class=\"elementor-widget-container\">\n\t\t\t\t\t\t\t\t\t<div class=\"elementor-element elementor-element-6b84e78a elementor-widget elementor-widget-text-editor animated bounceInRight\" style=\"width: 515.45px; margin-bottom: 0px; color: #414141; font-family: Verdana, sans-serif; font-size: 16px; line-height: 2em; font-weight: 400;\" data-id=\"6b84e78a\" data-element_type=\"widget\" data-settings=\"{&quot;_animation&quot;:&quot;bounceInRight&quot;}\" data-widget_type=\"text-editor.default\"><div class=\"elementor-widget-container\" style=\"transition: background 0.3s ease 0s, border 0.3s ease 0s, border-radius 0.3s ease 0s, box-shadow 0.3s ease 0s, -webkit-border-radius 0.3s ease 0s, -webkit-box-shadow 0.3s ease 0s; padding: 15px 0px 0px;\"><p style=\"overflow-wrap: break-word; margin-bottom: 1rem;\">Durante a\u00f1os las empresas del sector B2B centraron sus esfuerzos e inversiones principalmente en las \u00e1reas de ventas, dejando de lado la estrategia digital vi\u00e9ndola como un gasto y no como una inversi\u00f3n.<\/p><p style=\"overflow-wrap: break-word; margin-bottom: 1rem;\">Despu\u00e9s de la pandemia esto cambi\u00f3 por completo y las \u00e1reas de ventas y marketing de este sector han tenido que amigarse y comunicarse mejor, convirti\u00e9ndose ahora en el \u00e1rea de crecimiento de las empresas en conjunto con el servicio al cliente o Customer Experience.<\/p><\/div><\/div><div class=\"elementor-element elementor-element-573bc5bf elementor-widget elementor-widget-text-editor animated bounceInRight\" style=\"width: 515.45px; color: #414141; font-family: Verdana, sans-serif; font-size: 16px; line-height: 2em; font-weight: 400;\" data-id=\"573bc5bf\" data-element_type=\"widget\" data-settings=\"{&quot;_animation&quot;:&quot;bounceInRight&quot;}\" data-widget_type=\"text-editor.default\"><div class=\"elementor-widget-container\" style=\"transition: background 0.3s ease 0s, border 0.3s ease 0s, border-radius 0.3s ease 0s, box-shadow 0.3s ease 0s, -webkit-border-radius 0.3s ease 0s, -webkit-box-shadow 0.3s ease 0s; padding: 15px 0px 0px;\"><p style=\"overflow-wrap: break-word; margin-bottom: 1rem;\">Ya sea que cuente con una agencia digital o con un\u00a0 equipo de marketing interno\u00a0 no obtendr\u00e1 los resultados esperados si estas dos \u00e1reas no establecen metas y objetivos comunes.<\/p><\/div><\/div><p>\u00a0<\/p>\t\t\t\t\t\t\t\t<\/div>\n\t\t\t\t<\/div>\n\t\t\t\t\t<\/div>\n\t\t<\/div>\n\t\t\t\t\t<\/div>\n\t\t<\/section>\n\t\t\t\t<section class=\"elementor-section elementor-top-section elementor-element elementor-element-7299ecc4 elementor-section-boxed elementor-section-height-default elementor-section-height-default\" data-id=\"7299ecc4\" data-element_type=\"section\">\n\t\t\t\t\t\t<div class=\"elementor-container elementor-column-gap-default\">\n\t\t\t\t\t<div class=\"elementor-column elementor-col-100 elementor-top-column elementor-element elementor-element-6d349794\" data-id=\"6d349794\" data-element_type=\"column\">\n\t\t\t<div class=\"elementor-widget-wrap elementor-element-populated\">\n\t\t\t\t\t\t<div class=\"elementor-element elementor-element-6d2291f6 elementor-widget elementor-widget-heading\" data-id=\"6d2291f6\" data-element_type=\"widget\" data-widget_type=\"heading.default\">\n\t\t\t\t<div class=\"elementor-widget-container\">\n\t\t\t\t\t<h2 class=\"elementor-heading-title elementor-size-default\">\u00a1As\u00ed te ayudamos a resolverlo!<\/h2>\t\t\t\t<\/div>\n\t\t\t\t<\/div>\n\t\t\t\t<div class=\"elementor-element elementor-element-738b9a elementor-widget elementor-widget-spacer\" data-id=\"738b9a\" data-element_type=\"widget\" data-widget_type=\"spacer.default\">\n\t\t\t\t<div class=\"elementor-widget-container\">\n\t\t\t\t\t\t\t<div class=\"elementor-spacer\">\n\t\t\t<div class=\"elementor-spacer-inner\"><\/div>\n\t\t<\/div>\n\t\t\t\t\t\t<\/div>\n\t\t\t\t<\/div>\n\t\t\t\t\t<\/div>\n\t\t<\/div>\n\t\t\t\t\t<\/div>\n\t\t<\/section>\n\t\t\t\t<section class=\"elementor-section elementor-top-section elementor-element elementor-element-6849ff72 elementor-section-boxed elementor-section-height-default elementor-section-height-default\" data-id=\"6849ff72\" data-element_type=\"section\">\n\t\t\t\t\t\t<div class=\"elementor-container elementor-column-gap-wider\">\n\t\t\t\t\t<div class=\"elementor-column elementor-col-50 elementor-top-column elementor-element elementor-element-2cde3b92\" data-id=\"2cde3b92\" data-element_type=\"column\">\n\t\t\t<div class=\"elementor-widget-wrap elementor-element-populated\">\n\t\t\t\t\t\t<div class=\"elementor-element elementor-element-54eb847c elementor-hidden-phone elementor-widget elementor-widget-spacer\" data-id=\"54eb847c\" data-element_type=\"widget\" data-widget_type=\"spacer.default\">\n\t\t\t\t<div class=\"elementor-widget-container\">\n\t\t\t\t\t\t\t<div class=\"elementor-spacer\">\n\t\t\t<div class=\"elementor-spacer-inner\"><\/div>\n\t\t<\/div>\n\t\t\t\t\t\t<\/div>\n\t\t\t\t<\/div>\n\t\t\t\t<div class=\"elementor-element elementor-element-501435c5 elementor-widget elementor-widget-spacer\" data-id=\"501435c5\" data-element_type=\"widget\" data-widget_type=\"spacer.default\">\n\t\t\t\t<div class=\"elementor-widget-container\">\n\t\t\t\t\t\t\t<div class=\"elementor-spacer\">\n\t\t\t<div class=\"elementor-spacer-inner\"><\/div>\n\t\t<\/div>\n\t\t\t\t\t\t<\/div>\n\t\t\t\t<\/div>\n\t\t\t\t<div class=\"elementor-element elementor-element-1bd9d2de elementor-invisible elementor-widget elementor-widget-text-editor\" data-id=\"1bd9d2de\" data-element_type=\"widget\" data-settings=\"{&quot;_animation&quot;:&quot;bounceInLeft&quot;}\" data-widget_type=\"text-editor.default\">\n\t\t\t\t<div class=\"elementor-widget-container\">\n\t\t\t\t\t\t\t\t\t<p>Generar un proceso en el que el marketing y las \u00e1reas de ventas trabajen juntos en la estrategia teniendo como objetivo com\u00fan la generaci\u00f3n de clientes potenciales desarrollando metas y procesos integrados es un gran reto en este sector.<\/p><p>Crear una estrategia de interacci\u00f3n que alinea a los dos equipos ayuda a incrementar los ingresos de la empresa.<\/p>\t\t\t\t\t\t\t\t<\/div>\n\t\t\t\t<\/div>\n\t\t\t\t\t<\/div>\n\t\t<\/div>\n\t\t\t\t<div class=\"elementor-column elementor-col-50 elementor-top-column elementor-element elementor-element-274a2322\" data-id=\"274a2322\" data-element_type=\"column\">\n\t\t\t<div class=\"elementor-widget-wrap elementor-element-populated\">\n\t\t\t\t\t\t<div class=\"elementor-element elementor-element-2ab0885 elementor-widget elementor-widget-spacer\" data-id=\"2ab0885\" data-element_type=\"widget\" data-widget_type=\"spacer.default\">\n\t\t\t\t<div class=\"elementor-widget-container\">\n\t\t\t\t\t\t\t<div class=\"elementor-spacer\">\n\t\t\t<div class=\"elementor-spacer-inner\"><\/div>\n\t\t<\/div>\n\t\t\t\t\t\t<\/div>\n\t\t\t\t<\/div>\n\t\t\t\t<div class=\"elementor-element elementor-element-20118f19 elementor-invisible elementor-widget elementor-widget-text-editor\" data-id=\"20118f19\" data-element_type=\"widget\" data-settings=\"{&quot;_animation&quot;:&quot;bounceInRight&quot;}\" data-widget_type=\"text-editor.default\">\n\t\t\t\t<div class=\"elementor-widget-container\">\n\t\t\t\t\t\t\t\t\t<ul><li aria-level=\"1\">Alineaci\u00f3n de equipos de ventas<\/li><li aria-level=\"1\">Acuerdos de transferencia de leads<\/li><li aria-level=\"1\">Desarrollo de buyer personas<\/li><li aria-level=\"1\">Desarrollo del viaje de compra del cliente.<\/li><li aria-level=\"1\">Planeaci\u00f3n estrat\u00e9gica de ventas y marketing<\/li><\/ul>\t\t\t\t\t\t\t\t<\/div>\n\t\t\t\t<\/div>\n\t\t\t\t\t<\/div>\n\t\t<\/div>\n\t\t\t\t\t<\/div>\n\t\t<\/section>\n\t\t\t\t<section class=\"elementor-section elementor-top-section elementor-element elementor-element-1236b0f9 elementor-section-boxed elementor-section-height-default elementor-section-height-default\" data-id=\"1236b0f9\" data-element_type=\"section\">\n\t\t\t\t\t\t<div class=\"elementor-container elementor-column-gap-default\">\n\t\t\t\t\t<div class=\"elementor-column elementor-col-100 elementor-top-column elementor-element elementor-element-2dfc3429\" data-id=\"2dfc3429\" data-element_type=\"column\">\n\t\t\t<div class=\"elementor-widget-wrap elementor-element-populated\">\n\t\t\t\t\t\t<div class=\"elementor-element elementor-element-1c7f92f8 elementor-widget elementor-widget-heading\" data-id=\"1c7f92f8\" data-element_type=\"widget\" data-widget_type=\"heading.default\">\n\t\t\t\t<div class=\"elementor-widget-container\">\n\t\t\t\t\t<h2 class=\"elementor-heading-title elementor-size-default\">\u00a1Estos son los beneficios para tu empresa!<\/h2>\t\t\t\t<\/div>\n\t\t\t\t<\/div>\n\t\t\t\t\t<\/div>\n\t\t<\/div>\n\t\t\t\t\t<\/div>\n\t\t<\/section>\n\t\t\t\t<section class=\"elementor-section elementor-top-section elementor-element elementor-element-8b577dd elementor-section-boxed elementor-section-height-default elementor-section-height-default\" data-id=\"8b577dd\" data-element_type=\"section\">\n\t\t\t\t\t\t<div class=\"elementor-container elementor-column-gap-wider\">\n\t\t\t\t\t<div class=\"elementor-column elementor-col-50 elementor-top-column elementor-element elementor-element-783839a\" data-id=\"783839a\" data-element_type=\"column\">\n\t\t\t<div class=\"elementor-widget-wrap elementor-element-populated\">\n\t\t\t\t\t\t<div class=\"elementor-element elementor-element-605f3274 elementor-invisible elementor-widget elementor-widget-text-editor\" data-id=\"605f3274\" data-element_type=\"widget\" data-settings=\"{&quot;_animation&quot;:&quot;bounceInLeft&quot;}\" data-widget_type=\"text-editor.default\">\n\t\t\t\t<div class=\"elementor-widget-container\">\n\t\t\t\t\t\t\t\t\t<p>SMarketing simplifica los procesos porque todos hablan el mismo idioma, adem\u00e1s te ayuda a:<\/p><p>\u00a0<\/p><ul><li>Conocer perfectamente tu cliente o prospecto<\/li><li>Mejorar los KPIs<\/li><li>Descubrir nuevas oportunidades de negocio<\/li><\/ul>\t\t\t\t\t\t\t\t<\/div>\n\t\t\t\t<\/div>\n\t\t\t\t\t<\/div>\n\t\t<\/div>\n\t\t\t\t<div class=\"elementor-column elementor-col-50 elementor-top-column elementor-element elementor-element-4a0b8794\" data-id=\"4a0b8794\" data-element_type=\"column\">\n\t\t\t<div class=\"elementor-widget-wrap elementor-element-populated\">\n\t\t\t\t\t\t<div class=\"elementor-element elementor-element-2c25e21b elementor-invisible elementor-widget elementor-widget-text-editor\" data-id=\"2c25e21b\" data-element_type=\"widget\" data-settings=\"{&quot;_animation&quot;:&quot;bounceInRight&quot;}\" data-widget_type=\"text-editor.default\">\n\t\t\t\t<div class=\"elementor-widget-container\">\n\t\t\t\t\t\t\t\t\t<p>\u00a0<\/p><ul><li>Aumentar el ROI de ambos departamentos.<\/li><li>Alcanzar las metas de negocio m\u00e1s r\u00e1pido<\/li><li>Disminuye los errores<\/li><\/ul>\t\t\t\t\t\t\t\t<\/div>\n\t\t\t\t<\/div>\n\t\t\t\t\t<\/div>\n\t\t<\/div>\n\t\t\t\t\t<\/div>\n\t\t<\/section>\n\t\t\t\t<section class=\"elementor-section elementor-top-section elementor-element elementor-element-45ce83e9 elementor-section-boxed elementor-section-height-default elementor-section-height-default\" data-id=\"45ce83e9\" data-element_type=\"section\">\n\t\t\t\t\t\t<div class=\"elementor-container elementor-column-gap-wider\">\n\t\t\t\t\t<div class=\"elementor-column elementor-col-100 elementor-top-column elementor-element elementor-element-48a88c1c\" data-id=\"48a88c1c\" data-element_type=\"column\">\n\t\t\t<div class=\"elementor-widget-wrap elementor-element-populated\">\n\t\t\t\t\t\t<div class=\"elementor-element elementor-element-3a34e655 elementor-align-center elementor-invisible elementor-widget elementor-widget-button\" data-id=\"3a34e655\" data-element_type=\"widget\" data-settings=\"{&quot;_animation&quot;:&quot;bounceInDown&quot;}\" data-widget_type=\"button.default\">\n\t\t\t\t<div class=\"elementor-widget-container\">\n\t\t\t\t\t\t\t\t\t<div class=\"elementor-button-wrapper\">\n\t\t\t\t\t<a class=\"elementor-button elementor-button-link elementor-size-lg\" href=\"https:\/\/calendly.com\/lemarket\/conociento-tus-desafios-y-metas\">\n\t\t\t\t\t\t<span class=\"elementor-button-content-wrapper\">\n\t\t\t\t\t\t\t\t\t<span class=\"elementor-button-text\">Quiero empezar un proyecto<\/span>\n\t\t\t\t\t<\/span>\n\t\t\t\t\t<\/a>\n\t\t\t\t<\/div>\n\t\t\t\t\t\t\t\t<\/div>\n\t\t\t\t<\/div>\n\t\t\t\t\t<\/div>\n\t\t<\/div>\n\t\t\t\t\t<\/div>\n\t\t<\/section>\n\t\t\t\t<\/div>","protected":false},"excerpt":{"rendered":"<p>SMarketing \u00bfCu\u00e1les son los desaf\u00edos? \u00bfSientes que entre tu \u00e1rea de Marketing y tu \u00e1rea de Ventas no se entienden? \u00bfInviertes en Marketing, pero no cierras las ventas?, \u00bfMarketing no comprende los resultados de ventas? Sales + Marketing = la nueva forma de vender m\u00e1s. Durante a\u00f1os las empresas del sector B2B centraron sus esfuerzos [&hellip;]<\/p>","protected":false},"author":1,"featured_media":0,"parent":0,"menu_order":0,"comment_status":"closed","ping_status":"closed","template":"","meta":{"_acf_changed":false,"content-type":"","footnotes":""},"class_list":["post-1079","page","type-page","status-publish","hentry"],"acf":[],"_links":{"self":[{"href":"https:\/\/www.lemarket.co\/en\/wp-json\/wp\/v2\/pages\/1079","targetHints":{"allow":["GET"]}}],"collection":[{"href":"https:\/\/www.lemarket.co\/en\/wp-json\/wp\/v2\/pages"}],"about":[{"href":"https:\/\/www.lemarket.co\/en\/wp-json\/wp\/v2\/types\/page"}],"author":[{"embeddable":true,"href":"https:\/\/www.lemarket.co\/en\/wp-json\/wp\/v2\/users\/1"}],"replies":[{"embeddable":true,"href":"https:\/\/www.lemarket.co\/en\/wp-json\/wp\/v2\/comments?post=1079"}],"version-history":[{"count":0,"href":"https:\/\/www.lemarket.co\/en\/wp-json\/wp\/v2\/pages\/1079\/revisions"}],"wp:attachment":[{"href":"https:\/\/www.lemarket.co\/en\/wp-json\/wp\/v2\/media?parent=1079"}],"curies":[{"name":"wp","href":"https:\/\/api.w.org\/{rel}","templated":true}]}}