{"id":2113,"date":"2023-07-11T22:04:41","date_gmt":"2023-07-11T22:04:41","guid":{"rendered":"https:\/\/www.lemarket.co\/?page_id=2113"},"modified":"2024-09-19T01:21:05","modified_gmt":"2024-09-19T01:21:05","slug":"contacto","status":"publish","type":"page","link":"https:\/\/www.lemarket.co\/en\/contacto\/","title":{"rendered":"Contact"},"content":{"rendered":"<div data-elementor-type=\"wp-page\" data-elementor-id=\"2113\" class=\"elementor elementor-2113\" data-elementor-post-type=\"page\">\n\t\t\t\t<div class=\"elementor-element elementor-element-18a5357 e-flex e-con-boxed e-con e-parent\" data-id=\"18a5357\" data-element_type=\"container\" data-settings=\"{&quot;background_background&quot;:&quot;classic&quot;}\">\n\t\t\t\t\t<div class=\"e-con-inner\">\n\t\t<div class=\"elementor-element elementor-element-0b975fe e-con-full e-flex e-con e-child\" data-id=\"0b975fe\" data-element_type=\"container\">\n\t\t\t\t<div class=\"elementor-element elementor-element-c9a22b4 elementor-widget elementor-widget-heading\" data-id=\"c9a22b4\" data-element_type=\"widget\" data-widget_type=\"heading.default\">\n\t\t\t\t<div class=\"elementor-widget-container\">\n\t\t\t\t\t<h1 class=\"elementor-heading-title elementor-size-default\">Let\u2019s Connect to Boost Your Business Growth<\/h1>\t\t\t\t<\/div>\n\t\t\t\t<\/div>\n\t\t\t\t<div class=\"elementor-element elementor-element-a1487b8 elementor-widget elementor-widget-text-editor\" data-id=\"a1487b8\" data-element_type=\"widget\" data-widget_type=\"text-editor.default\">\n\t\t\t\t<div class=\"elementor-widget-container\">\n\t\t\t\t\t\t\t\t\t<p>We are here to help you achieve your goals. Whether you need a digital marketing strategy, or a campaign focused on generating quality leads, our team of B2B marketing experts is ready to collaborate with you. Fill out the form, and one of our specialists will contact you as soon as possible.<\/p>\t\t\t\t\t\t\t\t<\/div>\n\t\t\t\t<\/div>\n\t\t\t\t<div class=\"elementor-element elementor-element-b2e81a7 elementor-widget elementor-widget-heading\" data-id=\"b2e81a7\" data-element_type=\"widget\" data-widget_type=\"heading.default\">\n\t\t\t\t<div class=\"elementor-widget-container\">\n\t\t\t\t\t<h2 class=\"elementor-heading-title elementor-size-default\">Customized B2B Marketing Solutions for Companies Like Yours<\/h2>\t\t\t\t<\/div>\n\t\t\t\t<\/div>\n\t\t\t\t<div class=\"elementor-element elementor-element-2434bfa elementor-widget elementor-widget-button\" data-id=\"2434bfa\" data-element_type=\"widget\" data-widget_type=\"button.default\">\n\t\t\t\t<div class=\"elementor-widget-container\">\n\t\t\t\t\t\t\t\t\t<div class=\"elementor-button-wrapper\">\n\t\t\t\t\t<a class=\"elementor-button elementor-button-link elementor-size-sm\" href=\"#form-contact\">\n\t\t\t\t\t\t<span class=\"elementor-button-content-wrapper\">\n\t\t\t\t\t\t\t\t\t<span class=\"elementor-button-text\">Contact Us Now<\/span>\n\t\t\t\t\t<\/span>\n\t\t\t\t\t<\/a>\n\t\t\t\t<\/div>\n\t\t\t\t\t\t\t\t<\/div>\n\t\t\t\t<\/div>\n\t\t\t\t<\/div>\n\t\t\t\t\t<\/div>\n\t\t\t\t<\/div>\n\t\t<div class=\"elementor-element elementor-element-9fcde3f e-flex e-con-boxed e-con e-parent\" data-id=\"9fcde3f\" data-element_type=\"container\">\n\t\t\t\t\t<div class=\"e-con-inner\">\n\t\t<div class=\"elementor-element elementor-element-2b9cc9c e-con-full e-flex e-con e-child\" data-id=\"2b9cc9c\" data-element_type=\"container\">\n\t\t\t\t<div class=\"elementor-element elementor-element-fc6e303 elementor-widget elementor-widget-shortcode\" data-id=\"fc6e303\" data-element_type=\"widget\" id=\"form-contact\" data-widget_type=\"shortcode.default\">\n\t\t\t\t<div class=\"elementor-widget-container\">\n\t\t\t\t\t\t\t<div class=\"elementor-shortcode\"><script charset=\"utf-8\" type=\"text\/javascript\" src=\"\/\/js.hsforms.net\/forms\/embed\/v2.js\"><\/script>\n<script>\n  hbspt.forms.create({\n    region: \"na1\",\n    portalId: \"6585340\",\n    formId: \"cfa2e171-2937-46f5-b864-657c4c764436\"\n  });\n<\/script><\/div>\n\t\t\t\t\t\t<\/div>\n\t\t\t\t<\/div>\n\t\t\t\t<\/div>\n\t\t\t\t\t<\/div>\n\t\t\t\t<\/div>\n\t\t\t\t<\/div>","protected":false},"excerpt":{"rendered":"<p>Conectemos para Impulsar el Crecimiento de tu Negocio Estamos aqu\u00ed para ayudarte a alcanzar tus objetivos. Ya sea que necesites una estrategia de marketing digital o una campa\u00f1a enfocada en generar leads de calidad, nuestro equipo de expertos en marketing B2B est\u00e1 listo para colaborar contigo. Completa el formulario y uno de nuestros especialistas se [&hellip;]<\/p>","protected":false},"author":6,"featured_media":0,"parent":0,"menu_order":0,"comment_status":"closed","ping_status":"closed","template":"","meta":{"_acf_changed":false,"content-type":"","footnotes":""},"class_list":["post-2113","page","type-page","status-publish","hentry"],"acf":[],"_links":{"self":[{"href":"https:\/\/www.lemarket.co\/en\/wp-json\/wp\/v2\/pages\/2113","targetHints":{"allow":["GET"]}}],"collection":[{"href":"https:\/\/www.lemarket.co\/en\/wp-json\/wp\/v2\/pages"}],"about":[{"href":"https:\/\/www.lemarket.co\/en\/wp-json\/wp\/v2\/types\/page"}],"author":[{"embeddable":true,"href":"https:\/\/www.lemarket.co\/en\/wp-json\/wp\/v2\/users\/6"}],"replies":[{"embeddable":true,"href":"https:\/\/www.lemarket.co\/en\/wp-json\/wp\/v2\/comments?post=2113"}],"version-history":[{"count":0,"href":"https:\/\/www.lemarket.co\/en\/wp-json\/wp\/v2\/pages\/2113\/revisions"}],"wp:attachment":[{"href":"https:\/\/www.lemarket.co\/en\/wp-json\/wp\/v2\/media?parent=2113"}],"curies":[{"name":"wp","href":"https:\/\/api.w.org\/{rel}","templated":true}]}}