{"id":2295,"date":"2023-07-18T21:28:02","date_gmt":"2023-07-18T21:28:02","guid":{"rendered":"https:\/\/www.lemarket.co\/?page_id=2295"},"modified":"2023-12-07T20:10:20","modified_gmt":"2023-12-07T20:10:20","slug":"e-book-los-5-pilares-para-la-generacion-de-leads-b2b-realmente-calificados","status":"publish","type":"page","link":"https:\/\/www.lemarket.co\/en\/e-book-los-5-pilares-para-la-generacion-de-leads-b2b-realmente-calificados\/","title":{"rendered":"E-book: Los 5 Pilares para la Generaci\u00f3n de Leads B2B realmente Calificados"},"content":{"rendered":"<div data-elementor-type=\"wp-page\" data-elementor-id=\"2295\" class=\"elementor elementor-2295\" data-elementor-post-type=\"page\">\n\t\t\t\t\t\t<section class=\"elementor-section elementor-top-section elementor-element elementor-element-bac0832 elementor-section-boxed elementor-section-height-default elementor-section-height-default\" data-id=\"bac0832\" data-element_type=\"section\">\n\t\t\t\t\t\t<div class=\"elementor-container elementor-column-gap-default\">\n\t\t\t\t\t<div class=\"elementor-column elementor-col-100 elementor-top-column elementor-element elementor-element-f5b7477\" data-id=\"f5b7477\" data-element_type=\"column\">\n\t\t\t<div class=\"elementor-widget-wrap elementor-element-populated\">\n\t\t\t\t\t\t<div class=\"elementor-element elementor-element-9fbaae3 elementor-widget elementor-widget-spacer\" data-id=\"9fbaae3\" data-element_type=\"widget\" data-widget_type=\"spacer.default\">\n\t\t\t\t<div class=\"elementor-widget-container\">\n\t\t\t\t\t\t\t<div class=\"elementor-spacer\">\n\t\t\t<div class=\"elementor-spacer-inner\"><\/div>\n\t\t<\/div>\n\t\t\t\t\t\t<\/div>\n\t\t\t\t<\/div>\n\t\t\t\t<div class=\"elementor-element elementor-element-6f4652c elementor-widget elementor-widget-heading\" data-id=\"6f4652c\" data-element_type=\"widget\" data-widget_type=\"heading.default\">\n\t\t\t\t<div class=\"elementor-widget-container\">\n\t\t\t\t\t<h2 class=\"elementor-heading-title elementor-size-default\">E-Book: \u00a1Los 5 Pilares para la Generaci\u00f3n de Leads B2B Realmente Calificados!<\/h2>\t\t\t\t<\/div>\n\t\t\t\t<\/div>\n\t\t\t\t\t<\/div>\n\t\t<\/div>\n\t\t\t\t\t<\/div>\n\t\t<\/section>\n\t\t\t\t<section class=\"elementor-section elementor-top-section elementor-element elementor-element-c37ad56 elementor-section-boxed elementor-section-height-default elementor-section-height-default\" data-id=\"c37ad56\" data-element_type=\"section\">\n\t\t\t\t\t\t<div class=\"elementor-container elementor-column-gap-default\">\n\t\t\t\t\t<div class=\"elementor-column elementor-col-50 elementor-top-column elementor-element elementor-element-4d4d5d4\" data-id=\"4d4d5d4\" data-element_type=\"column\">\n\t\t\t<div class=\"elementor-widget-wrap elementor-element-populated\">\n\t\t\t\t\t\t<div class=\"elementor-element elementor-element-7518eca elementor-widget elementor-widget-image\" data-id=\"7518eca\" data-element_type=\"widget\" data-widget_type=\"image.default\">\n\t\t\t\t<div class=\"elementor-widget-container\">\n\t\t\t\t\t\t\t\t\t\t\t\t\t\t\t<img fetchpriority=\"high\" decoding=\"async\" width=\"800\" height=\"930\" src=\"https:\/\/www.lemarket.co\/wp-content\/uploads\/2023\/10\/book_Recurso-1_1x-881x1024.png\" class=\"attachment-large size-large wp-image-2846\" alt=\"\" srcset=\"https:\/\/www.lemarket.co\/wp-content\/uploads\/2023\/10\/book_Recurso-1_1x-881x1024.png 881w, https:\/\/www.lemarket.co\/wp-content\/uploads\/2023\/10\/book_Recurso-1_1x-258x300.png 258w, https:\/\/www.lemarket.co\/wp-content\/uploads\/2023\/10\/book_Recurso-1_1x-768x893.png 768w, https:\/\/www.lemarket.co\/wp-content\/uploads\/2023\/10\/book_Recurso-1_1x.png 1025w\" sizes=\"(max-width: 800px) 100vw, 800px\" \/>\t\t\t\t\t\t\t\t\t\t\t\t\t\t\t<\/div>\n\t\t\t\t<\/div>\n\t\t\t\t\t<\/div>\n\t\t<\/div>\n\t\t\t\t<div class=\"elementor-column elementor-col-50 elementor-top-column elementor-element elementor-element-6923eab\" data-id=\"6923eab\" data-element_type=\"column\">\n\t\t\t<div class=\"elementor-widget-wrap elementor-element-populated\">\n\t\t\t\t\t\t<div class=\"elementor-element elementor-element-b0be8df elementor-widget elementor-widget-text-editor\" data-id=\"b0be8df\" data-element_type=\"widget\" data-widget_type=\"text-editor.default\">\n\t\t\t\t<div class=\"elementor-widget-container\">\n\t\t\t\t\t\t\t\t\t<p>Completa el formulario\u00a0 y recibe en tu correo electr\u00f3nico\u00a0 el enlace de descarga en cuesti\u00f3n de minutos.<\/p><p>Este recurso exclusivo est\u00e1 dise\u00f1ado para ayudar a tu empresa a comprender y aplicar los fundamentos esenciales de la generaci\u00f3n de leads B2B, brind\u00e1ndote\u00a0 informaci\u00f3n valiosa y estrat\u00e9gica para impulsar tus esfuerzos de adquisici\u00f3n de clientes potenciales de alta calidad.<\/p><p>\u00a1Accede ahora a esta gu\u00eda esencial para el \u00e9xito en el \u00e1mbito B2B!<\/p>\t\t\t\t\t\t\t\t<\/div>\n\t\t\t\t<\/div>\n\t\t\t\t<div class=\"elementor-element elementor-element-2661f3b elementor-widget elementor-widget-text-editor\" data-id=\"2661f3b\" data-element_type=\"widget\" data-widget_type=\"text-editor.default\">\n\t\t\t\t<div class=\"elementor-widget-container\">\n\t\t\t\t\t\t\t\t\t<script charset=\"utf-8\" type=\"text\/javascript\" src=\"\/\/js.hsforms.net\/forms\/embed\/v2.js\"><\/script>\n<script>\n  hbspt.forms.create({\n    region: \"na1\",\n    portalId: \"6585340\",\n    formId: \"e50db3d7-f9a8-4078-86ea-8e7c00332ffb\"\n  });\n<\/script>\t\t\t\t\t\t\t\t<\/div>\n\t\t\t\t<\/div>\n\t\t\t\t\t<\/div>\n\t\t<\/div>\n\t\t\t\t\t<\/div>\n\t\t<\/section>\n\t\t\t\t<section class=\"elementor-section elementor-top-section elementor-element elementor-element-20f547a elementor-section-boxed elementor-section-height-default elementor-section-height-default\" data-id=\"20f547a\" data-element_type=\"section\">\n\t\t\t\t\t\t<div class=\"elementor-container elementor-column-gap-default\">\n\t\t\t\t\t<div class=\"elementor-column elementor-col-100 elementor-top-column elementor-element elementor-element-93af7b4\" data-id=\"93af7b4\" data-element_type=\"column\">\n\t\t\t<div class=\"elementor-widget-wrap elementor-element-populated\">\n\t\t\t\t\t\t<div class=\"elementor-element elementor-element-86185c3 elementor-widget elementor-widget-spacer\" data-id=\"86185c3\" data-element_type=\"widget\" data-widget_type=\"spacer.default\">\n\t\t\t\t<div class=\"elementor-widget-container\">\n\t\t\t\t\t\t\t<div class=\"elementor-spacer\">\n\t\t\t<div class=\"elementor-spacer-inner\"><\/div>\n\t\t<\/div>\n\t\t\t\t\t\t<\/div>\n\t\t\t\t<\/div>\n\t\t\t\t\t<\/div>\n\t\t<\/div>\n\t\t\t\t\t<\/div>\n\t\t<\/section>\n\t\t\t\t<\/div>","protected":false},"excerpt":{"rendered":"<p>E-Book: \u00a1Los 5 Pilares para la Generaci\u00f3n de Leads B2B Realmente Calificados! Completa el formulario\u00a0 y recibe en tu correo electr\u00f3nico\u00a0 el enlace de descarga en cuesti\u00f3n de minutos. Este recurso exclusivo est\u00e1 dise\u00f1ado para ayudar a tu empresa a comprender y aplicar los fundamentos esenciales de la generaci\u00f3n de leads B2B, brind\u00e1ndote\u00a0 informaci\u00f3n valiosa [&hellip;]<\/p>","protected":false},"author":6,"featured_media":0,"parent":0,"menu_order":0,"comment_status":"closed","ping_status":"closed","template":"","meta":{"_acf_changed":false,"content-type":"","footnotes":""},"class_list":["post-2295","page","type-page","status-publish","hentry"],"acf":[],"_links":{"self":[{"href":"https:\/\/www.lemarket.co\/en\/wp-json\/wp\/v2\/pages\/2295","targetHints":{"allow":["GET"]}}],"collection":[{"href":"https:\/\/www.lemarket.co\/en\/wp-json\/wp\/v2\/pages"}],"about":[{"href":"https:\/\/www.lemarket.co\/en\/wp-json\/wp\/v2\/types\/page"}],"author":[{"embeddable":true,"href":"https:\/\/www.lemarket.co\/en\/wp-json\/wp\/v2\/users\/6"}],"replies":[{"embeddable":true,"href":"https:\/\/www.lemarket.co\/en\/wp-json\/wp\/v2\/comments?post=2295"}],"version-history":[{"count":0,"href":"https:\/\/www.lemarket.co\/en\/wp-json\/wp\/v2\/pages\/2295\/revisions"}],"wp:attachment":[{"href":"https:\/\/www.lemarket.co\/en\/wp-json\/wp\/v2\/media?parent=2295"}],"curies":[{"name":"wp","href":"https:\/\/api.w.org\/{rel}","templated":true}]}}