{"id":2633,"date":"2023-08-24T20:12:29","date_gmt":"2023-08-24T20:12:29","guid":{"rendered":"https:\/\/www.lemarket.co\/?page_id=2633"},"modified":"2025-06-03T23:12:52","modified_gmt":"2025-06-03T23:12:52","slug":"blog","status":"publish","type":"page","link":"https:\/\/www.lemarket.co\/en\/blog\/","title":{"rendered":"Blog"},"content":{"rendered":"<div data-elementor-type=\"wp-page\" data-elementor-id=\"2633\" class=\"elementor elementor-2633\" data-elementor-post-type=\"page\">\n\t\t\t\t<div class=\"elementor-element elementor-element-c634fe5 e-flex e-con-boxed e-con e-parent\" data-id=\"c634fe5\" data-element_type=\"container\" data-settings=\"{&quot;background_background&quot;:&quot;classic&quot;}\">\n\t\t\t\t\t<div class=\"e-con-inner\">\n\t\t<div class=\"elementor-element elementor-element-5d05eab e-con-full e-flex e-con e-child\" data-id=\"5d05eab\" data-element_type=\"container\">\n\t\t\t\t<div class=\"elementor-element elementor-element-ba77944 elementor-widget elementor-widget-heading\" data-id=\"ba77944\" data-element_type=\"widget\" data-widget_type=\"heading.default\">\n\t\t\t\t<div class=\"elementor-widget-container\">\n\t\t\t\t\t<h1 class=\"elementor-heading-title elementor-size-default\">Empieza a aprender ahora y observa c\u00f3mo tu\u00a0potencial\u00a0crece<\/h1>\t\t\t\t<\/div>\n\t\t\t\t<\/div>\n\t\t\t\t<div class=\"elementor-element elementor-element-8310f74 elementor-widget elementor-widget-text-editor\" data-id=\"8310f74\" data-element_type=\"widget\" data-widget_type=\"text-editor.default\">\n\t\t\t\t<div class=\"elementor-widget-container\">\n\t\t\t\t\t\t\t\t\t<p>Tu pr\u00f3ximo gran logro est\u00e1 a solo un paso de distancia<\/p>\t\t\t\t\t\t\t\t<\/div>\n\t\t\t\t<\/div>\n\t\t\t\t<\/div>\n\t\t<div class=\"elementor-element elementor-element-a792267 e-con-full e-flex e-con e-child\" data-id=\"a792267\" data-element_type=\"container\" data-settings=\"{&quot;background_background&quot;:&quot;classic&quot;}\">\n\t\t<div class=\"elementor-element elementor-element-49f014d e-con-full blog e-flex e-con e-child\" data-id=\"49f014d\" data-element_type=\"container\" data-settings=\"{&quot;background_background&quot;:&quot;classic&quot;}\">\n\t\t\t\t<\/div>\n\t\t\t\t<\/div>\n\t\t\t\t\t<\/div>\n\t\t\t\t<\/div>\n\t\t<div class=\"elementor-element elementor-element-ac5b3c7 e-flex e-con-boxed e-con e-parent\" data-id=\"ac5b3c7\" data-element_type=\"container\">\n\t\t\t\t\t<div class=\"e-con-inner\">\n\t\t\t\t<div class=\"elementor-element elementor-element-2b9e6c1 elementor-grid-1 elementor-grid-tablet-2 elementor-grid-mobile-1 elementor-widget elementor-widget-loop-grid\" data-id=\"2b9e6c1\" data-element_type=\"widget\" data-settings=\"{&quot;template_id&quot;:3889,&quot;columns&quot;:1,&quot;_skin&quot;:&quot;post&quot;,&quot;columns_tablet&quot;:&quot;2&quot;,&quot;columns_mobile&quot;:&quot;1&quot;,&quot;edit_handle_selector&quot;:&quot;[data-elementor-type=\\&quot;loop-item\\&quot;]&quot;,&quot;row_gap&quot;:{&quot;unit&quot;:&quot;px&quot;,&quot;size&quot;:&quot;&quot;,&quot;sizes&quot;:[]},&quot;row_gap_tablet&quot;:{&quot;unit&quot;:&quot;px&quot;,&quot;size&quot;:&quot;&quot;,&quot;sizes&quot;:[]},&quot;row_gap_mobile&quot;:{&quot;unit&quot;:&quot;px&quot;,&quot;size&quot;:&quot;&quot;,&quot;sizes&quot;:[]}}\" data-widget_type=\"loop-grid.post\">\n\t\t\t\t<div class=\"elementor-widget-container\">\n\t\t\t\t\t\t\t<div class=\"elementor-loop-container elementor-grid\" role=\"list\">\n\t\t<style id=\"loop-3889\"><\/style>\t\t<\/div>\n\t\t\n\t\t\t\t\t\t<\/div>\n\t\t\t\t<\/div>\n\t\t\t\t\t<\/div>\n\t\t\t\t<\/div>\n\t\t<div class=\"elementor-element elementor-element-61e5c5a e-flex e-con-boxed e-con e-parent\" data-id=\"61e5c5a\" data-element_type=\"container\">\n\t\t\t\t\t<div class=\"e-con-inner\">\n\t\t\t\t<div class=\"elementor-element elementor-element-a79d14d elementor-grid-3 elementor-grid-tablet-2 elementor-grid-mobile-1 elementor-widget elementor-widget-loop-grid\" data-id=\"a79d14d\" data-element_type=\"widget\" data-settings=\"{&quot;template_id&quot;:3832,&quot;_skin&quot;:&quot;post&quot;,&quot;columns&quot;:&quot;3&quot;,&quot;columns_tablet&quot;:&quot;2&quot;,&quot;columns_mobile&quot;:&quot;1&quot;,&quot;edit_handle_selector&quot;:&quot;[data-elementor-type=\\&quot;loop-item\\&quot;]&quot;,&quot;row_gap&quot;:{&quot;unit&quot;:&quot;px&quot;,&quot;size&quot;:&quot;&quot;,&quot;sizes&quot;:[]},&quot;row_gap_tablet&quot;:{&quot;unit&quot;:&quot;px&quot;,&quot;size&quot;:&quot;&quot;,&quot;sizes&quot;:[]},&quot;row_gap_mobile&quot;:{&quot;unit&quot;:&quot;px&quot;,&quot;size&quot;:&quot;&quot;,&quot;sizes&quot;:[]}}\" data-widget_type=\"loop-grid.post\">\n\t\t\t\t<div class=\"elementor-widget-container\">\n\t\t\t\t\t\t\t<div class=\"elementor-loop-container elementor-grid\" role=\"list\">\n\t\t<style id=\"loop-dynamic-3832\">.e-loop-item-4250 .elementor-element.elementor-element-77182ba:not(.elementor-motion-effects-element-type-background), .e-loop-item-4250 .elementor-element.elementor-element-77182ba > .elementor-motion-effects-container > .elementor-motion-effects-layer{background-image:url(\"https:\/\/www.lemarket.co\/wp-content\/uploads\/2025\/03\/EL-PODER-DE-LA-PERSONALIZACION.avif\");}<\/style><style id=\"loop-3832\">.elementor-3832 .elementor-element.elementor-element-df6c58e{--display:flex;--padding-top:0px;--padding-bottom:0px;--padding-left:0px;--padding-right:0px;}.elementor-3832 .elementor-element.elementor-element-77182ba{--display:flex;--min-height:200px;}.elementor-3832 .elementor-element.elementor-element-77182ba:not(.elementor-motion-effects-element-type-background), .elementor-3832 .elementor-element.elementor-element-77182ba > .elementor-motion-effects-container > .elementor-motion-effects-layer{background-position:center center;background-repeat:no-repeat;background-size:cover;}.elementor-3832 .elementor-element.elementor-element-e9f9821{--display:flex;}.elementor-widget-post-info .elementor-icon-list-item:not(:last-child):after{border-color:var( --e-global-color-text );}.elementor-widget-post-info .elementor-icon-list-icon i{color:var( --e-global-color-primary );}.elementor-widget-post-info .elementor-icon-list-icon svg{fill:var( --e-global-color-primary );}.elementor-widget-post-info .elementor-icon-list-text, .elementor-widget-post-info .elementor-icon-list-text a{color:var( --e-global-color-secondary );}.elementor-widget-post-info .elementor-icon-list-item{font-family:var( --e-global-typography-text-font-family ), Sans-serif;font-weight:var( --e-global-typography-text-font-weight );}.elementor-3832 .elementor-element.elementor-element-1b6ddf3 .elementor-icon-list-icon{width:14px;}.elementor-3832 .elementor-element.elementor-element-1b6ddf3 .elementor-icon-list-icon i{font-size:14px;}.elementor-3832 .elementor-element.elementor-element-1b6ddf3 .elementor-icon-list-icon svg{--e-icon-list-icon-size:14px;}.elementor-3832 .elementor-element.elementor-element-1b6ddf3 .elementor-icon-list-text, .elementor-3832 .elementor-element.elementor-element-1b6ddf3 .elementor-icon-list-text a{color:var( --e-global-color-text );}.elementor-3832 .elementor-element.elementor-element-cc6940c{--display:flex;--min-height:90px;}.elementor-widget-theme-post-title .elementor-heading-title{font-family:var( --e-global-typography-primary-font-family ), Sans-serif;font-weight:var( --e-global-typography-primary-font-weight );color:var( --e-global-color-primary );}.elementor-3832 .elementor-element.elementor-element-95ca32b .elementor-heading-title{font-family:\"Montserrat\", Sans-serif;font-size:18px;font-weight:600;color:var( --e-global-color-text );}.elementor-3832 .elementor-element.elementor-element-677bda2{--display:flex;}.elementor-widget-author-box .elementor-author-box__name{color:var( --e-global-color-secondary );font-family:var( --e-global-typography-primary-font-family ), Sans-serif;font-weight:var( --e-global-typography-primary-font-weight );}.elementor-widget-author-box .elementor-author-box__bio{color:var( --e-global-color-text );font-family:var( --e-global-typography-text-font-family ), Sans-serif;font-weight:var( --e-global-typography-text-font-weight );}.elementor-widget-author-box .elementor-author-box__button{color:var( --e-global-color-secondary );border-color:var( --e-global-color-secondary );font-family:var( --e-global-typography-accent-font-family ), Sans-serif;font-weight:var( --e-global-typography-accent-font-weight );}.elementor-widget-author-box .elementor-author-box__button:hover{border-color:var( --e-global-color-secondary );color:var( --e-global-color-secondary );}.elementor-3832 .elementor-element.elementor-element-3216e5f .elementor-author-box__avatar img{width:50px;height:50px;}.elementor-3832 .elementor-element.elementor-element-3216e5f .elementor-author-box__name{color:var( --e-global-color-text );font-family:\"Montserrat\", Sans-serif;font-size:16px;font-weight:600;}<\/style>\t\t<div data-elementor-type=\"loop-item\" data-elementor-id=\"3832\" class=\"elementor elementor-3832 e-loop-item e-loop-item-4250 post-4250 post type-post status-publish format-standard has-post-thumbnail hentry category-uncategorized\" data-elementor-post-type=\"elementor_library\" data-custom-edit-handle=\"1\">\n\t\t\t<a class=\"elementor-element elementor-element-df6c58e e-con-full e-flex e-con e-parent\" data-id=\"df6c58e\" data-element_type=\"container\" href=\"https:\/\/www.lemarket.co\/en\/uncategorized\/la-personalizacion-en-contenidos-b2b-el-antidoto-contra-el-contenido-generico-que-nadie-recuerda\/\">\n\t\t<div class=\"elementor-element elementor-element-77182ba e-con-full e-flex e-con e-child\" data-id=\"77182ba\" data-element_type=\"container\" data-settings=\"{&quot;background_background&quot;:&quot;classic&quot;}\">\n\t\t\t\t<\/div>\n\t\t<div class=\"elementor-element elementor-element-e9f9821 e-flex e-con-boxed e-con e-child\" data-id=\"e9f9821\" data-element_type=\"container\">\n\t\t\t\t\t<div class=\"e-con-inner\">\n\t\t\t\t<div class=\"elementor-element elementor-element-1b6ddf3 elementor-widget elementor-widget-post-info\" data-id=\"1b6ddf3\" data-element_type=\"widget\" data-widget_type=\"post-info.default\">\n\t\t\t\t<div class=\"elementor-widget-container\">\n\t\t\t\t\t\t\t<ul class=\"elementor-inline-items elementor-icon-list-items elementor-post-info\">\n\t\t\t\t\t\t\t\t<li class=\"elementor-icon-list-item elementor-repeater-item-9d50fcd elementor-inline-item\" itemprop=\"datePublished\">\n\t\t\t\t\t\t<a href=\"https:\/\/www.lemarket.co\/en\/2025\/03\/13\/\">\n\t\t\t\t\t\t\t\t\t\t\t\t\t\t<span class=\"elementor-icon-list-text elementor-post-info__item elementor-post-info__item--type-date\">\n\t\t\t\t\t\t\t\t\t\t<time>13 Mar 2025<\/time>\t\t\t\t\t<\/span>\n\t\t\t\t\t\t\t\t\t<\/a>\n\t\t\t\t<\/li>\n\t\t\t\t<\/ul>\n\t\t\t\t\t\t<\/div>\n\t\t\t\t<\/div>\n\t\t\t\t\t<\/div>\n\t\t\t\t<\/div>\n\t\t<div class=\"elementor-element elementor-element-cc6940c e-con-full e-flex e-con e-child\" data-id=\"cc6940c\" data-element_type=\"container\">\n\t\t\t\t<div class=\"elementor-element elementor-element-95ca32b elementor-widget elementor-widget-theme-post-title elementor-page-title elementor-widget-heading\" data-id=\"95ca32b\" data-element_type=\"widget\" data-widget_type=\"theme-post-title.default\">\n\t\t\t\t<div class=\"elementor-widget-container\">\n\t\t\t\t\t<h3 class=\"elementor-heading-title elementor-size-default\">La Personalizaci\u00f3n en Contenidos B2B: El Ant\u00eddoto Contra el Contenido Gen\u00e9rico que Nadie Recuerda<\/h3>\t\t\t\t<\/div>\n\t\t\t\t<\/div>\n\t\t\t\t<\/div>\n\t\t<div class=\"elementor-element elementor-element-677bda2 e-con-full e-flex e-con e-child\" data-id=\"677bda2\" data-element_type=\"container\">\n\t\t\t\t<div class=\"elementor-element elementor-element-3216e5f elementor-author-box--avatar-yes elementor-author-box--name-yes elementor-author-box--biography-yes elementor-author-box--link-no elementor-widget elementor-widget-author-box\" data-id=\"3216e5f\" data-element_type=\"widget\" data-widget_type=\"author-box.default\">\n\t\t\t\t<div class=\"elementor-widget-container\">\n\t\t\t\t\t\t\t<div class=\"elementor-author-box\">\n\t\t\t\t\t\t\t<div  class=\"elementor-author-box__avatar\">\n\t\t\t\t\t<img decoding=\"async\" src=\"https:\/\/www.lemarket.co\/wp-content\/uploads\/2024\/08\/1652708144934-50x50.jpeg\" alt=\"Picture of Silena Severini\" loading=\"lazy\">\n\t\t\t\t<\/div>\n\t\t\t\n\t\t\t<div class=\"elementor-author-box__text\">\n\t\t\t\t\t\t\t\t\t<div >\n\t\t\t\t\t\t<h6 class=\"elementor-author-box__name\">\n\t\t\t\t\t\t\tSilena Severini\t\t\t\t\t\t<\/h6>\n\t\t\t\t\t<\/div>\n\t\t\t\t\n\t\t\t\t\t\t\t\t\t<div class=\"elementor-author-box__bio\">\n\t\t\t\t\t\t\t\t\t\t\t<\/div>\n\t\t\t\t\n\t\t\t\t\t\t\t<\/div>\n\t\t<\/div>\n\t\t\t\t\t\t<\/div>\n\t\t\t\t<\/div>\n\t\t\t\t<\/div>\n\t\t\t\t<\/a>\n\t\t\t\t<\/div>\n\t\t<style id=\"loop-dynamic-3832\">.e-loop-item-4232 .elementor-element.elementor-element-77182ba:not(.elementor-motion-effects-element-type-background), .e-loop-item-4232 .elementor-element.elementor-element-77182ba > .elementor-motion-effects-container > .elementor-motion-effects-layer{background-image:url(\"https:\/\/www.lemarket.co\/wp-content\/uploads\/2025\/03\/linkedin-como-una-erramienta-b2b.avif\");}<\/style>\t\t<div data-elementor-type=\"loop-item\" data-elementor-id=\"3832\" class=\"elementor elementor-3832 e-loop-item e-loop-item-4232 post-4232 post type-post status-publish format-standard has-post-thumbnail hentry category-b2b category-blog category-podcast category-uncategorized\" data-elementor-post-type=\"elementor_library\" data-custom-edit-handle=\"1\">\n\t\t\t<a class=\"elementor-element elementor-element-df6c58e e-con-full e-flex e-con e-parent\" data-id=\"df6c58e\" data-element_type=\"container\" href=\"https:\/\/www.lemarket.co\/en\/uncategorized\/linkedin-marca-personal-b2b\/\">\n\t\t<div class=\"elementor-element elementor-element-77182ba e-con-full e-flex e-con e-child\" data-id=\"77182ba\" data-element_type=\"container\" data-settings=\"{&quot;background_background&quot;:&quot;classic&quot;}\">\n\t\t\t\t<\/div>\n\t\t<div class=\"elementor-element elementor-element-e9f9821 e-flex e-con-boxed e-con e-child\" data-id=\"e9f9821\" data-element_type=\"container\">\n\t\t\t\t\t<div class=\"e-con-inner\">\n\t\t\t\t<div class=\"elementor-element elementor-element-1b6ddf3 elementor-widget elementor-widget-post-info\" data-id=\"1b6ddf3\" data-element_type=\"widget\" data-widget_type=\"post-info.default\">\n\t\t\t\t<div class=\"elementor-widget-container\">\n\t\t\t\t\t\t\t<ul class=\"elementor-inline-items elementor-icon-list-items elementor-post-info\">\n\t\t\t\t\t\t\t\t<li class=\"elementor-icon-list-item elementor-repeater-item-9d50fcd elementor-inline-item\" itemprop=\"datePublished\">\n\t\t\t\t\t\t<a href=\"https:\/\/www.lemarket.co\/en\/2025\/03\/06\/\">\n\t\t\t\t\t\t\t\t\t\t\t\t\t\t<span class=\"elementor-icon-list-text elementor-post-info__item elementor-post-info__item--type-date\">\n\t\t\t\t\t\t\t\t\t\t<time>6 Mar 2025<\/time>\t\t\t\t\t<\/span>\n\t\t\t\t\t\t\t\t\t<\/a>\n\t\t\t\t<\/li>\n\t\t\t\t<\/ul>\n\t\t\t\t\t\t<\/div>\n\t\t\t\t<\/div>\n\t\t\t\t\t<\/div>\n\t\t\t\t<\/div>\n\t\t<div class=\"elementor-element elementor-element-cc6940c e-con-full e-flex e-con e-child\" data-id=\"cc6940c\" data-element_type=\"container\">\n\t\t\t\t<div class=\"elementor-element elementor-element-95ca32b elementor-widget elementor-widget-theme-post-title elementor-page-title elementor-widget-heading\" data-id=\"95ca32b\" data-element_type=\"widget\" data-widget_type=\"theme-post-title.default\">\n\t\t\t\t<div class=\"elementor-widget-container\">\n\t\t\t\t\t<h3 class=\"elementor-heading-title elementor-size-default\">Por qu\u00e9 LinkedIn es la mejor plataforma para construir tu marca personal en B2B<\/h3>\t\t\t\t<\/div>\n\t\t\t\t<\/div>\n\t\t\t\t<\/div>\n\t\t<div class=\"elementor-element elementor-element-677bda2 e-con-full e-flex e-con e-child\" data-id=\"677bda2\" data-element_type=\"container\">\n\t\t\t\t<div class=\"elementor-element elementor-element-3216e5f elementor-author-box--avatar-yes elementor-author-box--name-yes elementor-author-box--biography-yes elementor-author-box--link-no elementor-widget elementor-widget-author-box\" data-id=\"3216e5f\" data-element_type=\"widget\" data-widget_type=\"author-box.default\">\n\t\t\t\t<div class=\"elementor-widget-container\">\n\t\t\t\t\t\t\t<div class=\"elementor-author-box\">\n\t\t\t\t\t\t\t<div  class=\"elementor-author-box__avatar\">\n\t\t\t\t\t<img decoding=\"async\" src=\"https:\/\/www.lemarket.co\/wp-content\/uploads\/2024\/08\/cropped-Imagen-de-WhatsApp-2024-08-20-a-las-09.42.41_6e01d821-50x50.jpg\" alt=\"Picture of Geraldine Arrieta\" loading=\"lazy\">\n\t\t\t\t<\/div>\n\t\t\t\n\t\t\t<div class=\"elementor-author-box__text\">\n\t\t\t\t\t\t\t\t\t<div >\n\t\t\t\t\t\t<h6 class=\"elementor-author-box__name\">\n\t\t\t\t\t\t\tGeraldine Arrieta\t\t\t\t\t\t<\/h6>\n\t\t\t\t\t<\/div>\n\t\t\t\t\n\t\t\t\t\t\t\t\t\t<div class=\"elementor-author-box__bio\">\n\t\t\t\t\t\t\t\t\t\t\t<\/div>\n\t\t\t\t\n\t\t\t\t\t\t\t<\/div>\n\t\t<\/div>\n\t\t\t\t\t\t<\/div>\n\t\t\t\t<\/div>\n\t\t\t\t<\/div>\n\t\t\t\t<\/a>\n\t\t\t\t<\/div>\n\t\t<style id=\"loop-dynamic-3832\">.e-loop-item-4223 .elementor-element.elementor-element-77182ba:not(.elementor-motion-effects-element-type-background), .e-loop-item-4223 .elementor-element.elementor-element-77182ba > .elementor-motion-effects-container > .elementor-motion-effects-layer{background-image:url(\"https:\/\/www.lemarket.co\/wp-content\/uploads\/2025\/02\/creacion-pagina-web.webp\");}<\/style>\t\t<div data-elementor-type=\"loop-item\" data-elementor-id=\"3832\" class=\"elementor elementor-3832 e-loop-item e-loop-item-4223 post-4223 post type-post status-publish format-standard has-post-thumbnail hentry category-blog category-novedades-en-diseno-web\" data-elementor-post-type=\"elementor_library\" data-custom-edit-handle=\"1\">\n\t\t\t<a class=\"elementor-element elementor-element-df6c58e e-con-full e-flex e-con e-parent\" data-id=\"df6c58e\" data-element_type=\"container\" href=\"https:\/\/www.lemarket.co\/en\/novedades-en-diseno-web\/como-crear-una-pagina-web-que-conquiste-a-tus-clientes\/\">\n\t\t<div class=\"elementor-element elementor-element-77182ba e-con-full e-flex e-con e-child\" data-id=\"77182ba\" data-element_type=\"container\" data-settings=\"{&quot;background_background&quot;:&quot;classic&quot;}\">\n\t\t\t\t<\/div>\n\t\t<div class=\"elementor-element elementor-element-e9f9821 e-flex e-con-boxed e-con e-child\" data-id=\"e9f9821\" data-element_type=\"container\">\n\t\t\t\t\t<div class=\"e-con-inner\">\n\t\t\t\t<div class=\"elementor-element elementor-element-1b6ddf3 elementor-widget elementor-widget-post-info\" data-id=\"1b6ddf3\" data-element_type=\"widget\" data-widget_type=\"post-info.default\">\n\t\t\t\t<div class=\"elementor-widget-container\">\n\t\t\t\t\t\t\t<ul class=\"elementor-inline-items elementor-icon-list-items elementor-post-info\">\n\t\t\t\t\t\t\t\t<li class=\"elementor-icon-list-item elementor-repeater-item-9d50fcd elementor-inline-item\" itemprop=\"datePublished\">\n\t\t\t\t\t\t<a href=\"https:\/\/www.lemarket.co\/en\/2025\/02\/19\/\">\n\t\t\t\t\t\t\t\t\t\t\t\t\t\t<span class=\"elementor-icon-list-text elementor-post-info__item elementor-post-info__item--type-date\">\n\t\t\t\t\t\t\t\t\t\t<time>19 Feb 2025<\/time>\t\t\t\t\t<\/span>\n\t\t\t\t\t\t\t\t\t<\/a>\n\t\t\t\t<\/li>\n\t\t\t\t<\/ul>\n\t\t\t\t\t\t<\/div>\n\t\t\t\t<\/div>\n\t\t\t\t\t<\/div>\n\t\t\t\t<\/div>\n\t\t<div class=\"elementor-element elementor-element-cc6940c e-con-full e-flex e-con e-child\" data-id=\"cc6940c\" data-element_type=\"container\">\n\t\t\t\t<div class=\"elementor-element elementor-element-95ca32b elementor-widget elementor-widget-theme-post-title elementor-page-title elementor-widget-heading\" data-id=\"95ca32b\" data-element_type=\"widget\" data-widget_type=\"theme-post-title.default\">\n\t\t\t\t<div class=\"elementor-widget-container\">\n\t\t\t\t\t<h3 class=\"elementor-heading-title elementor-size-default\">C\u00f3mo crear una p\u00e1gina web que conquiste a tus clientes.<\/h3>\t\t\t\t<\/div>\n\t\t\t\t<\/div>\n\t\t\t\t<\/div>\n\t\t<div class=\"elementor-element elementor-element-677bda2 e-con-full e-flex e-con e-child\" data-id=\"677bda2\" data-element_type=\"container\">\n\t\t\t\t<div class=\"elementor-element elementor-element-3216e5f elementor-author-box--avatar-yes elementor-author-box--name-yes elementor-author-box--biography-yes elementor-author-box--link-no elementor-widget elementor-widget-author-box\" data-id=\"3216e5f\" data-element_type=\"widget\" data-widget_type=\"author-box.default\">\n\t\t\t\t<div class=\"elementor-widget-container\">\n\t\t\t\t\t\t\t<div class=\"elementor-author-box\">\n\t\t\t\t\t\t\t<div  class=\"elementor-author-box__avatar\">\n\t\t\t\t\t<img decoding=\"async\" src=\"https:\/\/secure.gravatar.com\/avatar\/68c80ed25ad564d01e2cd89889d1b543967368ac7c65a169ce6df7be18c2f3bc?s=50&#038;d=mm&#038;r=g\" alt=\"Picture of Angelo Almeida\" loading=\"lazy\">\n\t\t\t\t<\/div>\n\t\t\t\n\t\t\t<div class=\"elementor-author-box__text\">\n\t\t\t\t\t\t\t\t\t<div >\n\t\t\t\t\t\t<h6 class=\"elementor-author-box__name\">\n\t\t\t\t\t\t\tAngelo Almeida\t\t\t\t\t\t<\/h6>\n\t\t\t\t\t<\/div>\n\t\t\t\t\n\t\t\t\t\t\t\t\t\t<div class=\"elementor-author-box__bio\">\n\t\t\t\t\t\t\t\t\t\t\t<\/div>\n\t\t\t\t\n\t\t\t\t\t\t\t<\/div>\n\t\t<\/div>\n\t\t\t\t\t\t<\/div>\n\t\t\t\t<\/div>\n\t\t\t\t<\/div>\n\t\t\t\t<\/a>\n\t\t\t\t<\/div>\n\t\t\t\t<\/div>\n\t\t\n\t\t\t\t\t\t<\/div>\n\t\t\t\t<\/div>\n\t\t\t\t<div class=\"elementor-element elementor-element-84cde2e elementor-align-center elementor-widget elementor-widget-button\" data-id=\"84cde2e\" data-element_type=\"widget\" data-widget_type=\"button.default\">\n\t\t\t\t<div class=\"elementor-widget-container\">\n\t\t\t\t\t\t\t\t\t<div class=\"elementor-button-wrapper\">\n\t\t\t\t\t<a class=\"elementor-button elementor-button-link elementor-size-sm\" href=\"https:\/\/www.lemarket.co\/en\/posts\/\">\n\t\t\t\t\t\t<span class=\"elementor-button-content-wrapper\">\n\t\t\t\t\t\t\t\t\t<span class=\"elementor-button-text\">Vera m\u00e1s...<\/span>\n\t\t\t\t\t<\/span>\n\t\t\t\t\t<\/a>\n\t\t\t\t<\/div>\n\t\t\t\t\t\t\t\t<\/div>\n\t\t\t\t<\/div>\n\t\t\t\t\t<\/div>\n\t\t\t\t<\/div>\n\t\t\t\t<\/div>","protected":false},"excerpt":{"rendered":"<p>Empieza a aprender ahora y observa c\u00f3mo tu\u00a0potencial\u00a0crece Tu pr\u00f3ximo gran logro est\u00e1 a solo un paso de distancia Vera m\u00e1s&#8230;<\/p>","protected":false},"author":6,"featured_media":0,"parent":0,"menu_order":0,"comment_status":"closed","ping_status":"closed","template":"","meta":{"_acf_changed":false,"content-type":"","footnotes":""},"class_list":["post-2633","page","type-page","status-publish","hentry"],"acf":[],"_links":{"self":[{"href":"https:\/\/www.lemarket.co\/en\/wp-json\/wp\/v2\/pages\/2633","targetHints":{"allow":["GET"]}}],"collection":[{"href":"https:\/\/www.lemarket.co\/en\/wp-json\/wp\/v2\/pages"}],"about":[{"href":"https:\/\/www.lemarket.co\/en\/wp-json\/wp\/v2\/types\/page"}],"author":[{"embeddable":true,"href":"https:\/\/www.lemarket.co\/en\/wp-json\/wp\/v2\/users\/6"}],"replies":[{"embeddable":true,"href":"https:\/\/www.lemarket.co\/en\/wp-json\/wp\/v2\/comments?post=2633"}],"version-history":[{"count":0,"href":"https:\/\/www.lemarket.co\/en\/wp-json\/wp\/v2\/pages\/2633\/revisions"}],"wp:attachment":[{"href":"https:\/\/www.lemarket.co\/en\/wp-json\/wp\/v2\/media?parent=2633"}],"curies":[{"name":"wp","href":"https:\/\/api.w.org\/{rel}","templated":true}]}}