{"id":370,"date":"2022-06-15T22:20:49","date_gmt":"2022-06-15T22:20:49","guid":{"rendered":"https:\/\/www.lemarket.co\/?page_id=370"},"modified":"2023-12-29T13:08:43","modified_gmt":"2023-12-29T13:08:43","slug":"home","status":"publish","type":"page","link":"https:\/\/www.lemarket.co\/en\/home\/","title":{"rendered":"Home"},"content":{"rendered":"<style>\/*! elementor - v3.6.8 - 27-07-2022 *\/<br \/>\n.elementor-heading-title{padding:0;margin:0;line-height:1}.elementor-widget-heading .elementor-heading-title[class*=elementor-size-]>a{color:inherit;font-size:inherit;line-height:inherit}.elementor-widget-heading .elementor-heading-title.elementor-size-small{font-size:15px}.elementor-widget-heading .elementor-heading-title.elementor-size-medium{font-size:19px}.elementor-widget-heading .elementor-heading-title.elementor-size-large{font-size:29px}.elementor-widget-heading .elementor-heading-title.elementor-size-xl{font-size:39px}.elementor-widget-heading .elementor-heading-title.elementor-size-xxl{font-size:59px}<\/style>\n<h1>Somos  Marketing B2B<\/h1>\n<style>\/*! elementor - v3.6.8 - 27-07-2022 *\/<br \/>\n.elementor-widget-image{text-align:center}.elementor-widget-image a{display:inline-block}.elementor-widget-image a img[src$=\".svg\"]{width:48px}.elementor-widget-image img{vertical-align:middle;display:inline-block}<\/style>\n<p>\t\t\t\t\t\t\t\t\t\t\t\t<img loading=\"lazy\" decoding=\"async\" width=\"1024\" height=\"1024\" src=\"https:\/\/www.lemarket.co\/wp-content\/uploads\/2022\/06\/PIEZA-DE-LANDING-1024x1024.png\" alt=\"\" srcset=\"https:\/\/www.lemarket.co\/wp-content\/uploads\/2022\/06\/PIEZA-DE-LANDING-1024x1024.png 1024w, https:\/\/www.lemarket.co\/wp-content\/uploads\/2022\/06\/PIEZA-DE-LANDING-300x300.png 300w, https:\/\/www.lemarket.co\/wp-content\/uploads\/2022\/06\/PIEZA-DE-LANDING-150x150.png 150w, https:\/\/www.lemarket.co\/wp-content\/uploads\/2022\/06\/PIEZA-DE-LANDING-768x768.png 768w, https:\/\/www.lemarket.co\/wp-content\/uploads\/2022\/06\/PIEZA-DE-LANDING.png 1080w\" sizes=\"auto, (max-width: 1024px) 100vw, 1024px\" \/><\/p>\n<p style=\"font-size: 14px;\">Sabemos que uno de los retos m\u00e1s importantes para las empresas del sector B2B es lograr diferenciarse y captar la atenci\u00f3n de nuestros prospectos en un mundo lleno de ofertas de lo mismo.<\/p>\n<p style=\"font-size: 14px;\">\u00bfC\u00f3mo lograr vender m\u00e1s, sin tener que desgastarnos en invertir m\u00e1s en acciones de marketing?<\/p>\n<p>En este E-book te mostramos las estrategias m\u00e1s efectivas para atraer la mirada de tus clientes hacia ti y lograr posicionar tu marca como l\u00edder de tu sector.<\/p>\n<p>Descarga aqu\u00ed nuestro E-book de Vocer\u00eda Experta.<\/p>\n<style>\/*! elementor - v3.6.8 - 27-07-2022 *\/<br \/>\n.e-container.e-container--row .elementor-spacer-inner{width:var(--spacer-size)}.e-container.e-container--column .elementor-spacer-inner,.elementor-column .elementor-spacer-inner{height:var(--spacer-size)}<\/style>\n<p>\t\t\t<a href=\"https:\/\/www.lemarket.co\/en\/marketing\/formulario-ebook\/\" role=\"button\"><br \/>\nQuiero Mi Ebook<br \/>\n<\/a><br \/>\n<img loading=\"lazy\" decoding=\"async\" width=\"1024\" height=\"1024\" src=\"https:\/\/www.lemarket.co\/wp-content\/uploads\/2022\/06\/PIEZA-DE-LANDING-1024x1024.png\" alt=\"\" srcset=\"https:\/\/www.lemarket.co\/wp-content\/uploads\/2022\/06\/PIEZA-DE-LANDING-1024x1024.png 1024w, https:\/\/www.lemarket.co\/wp-content\/uploads\/2022\/06\/PIEZA-DE-LANDING-300x300.png 300w, https:\/\/www.lemarket.co\/wp-content\/uploads\/2022\/06\/PIEZA-DE-LANDING-150x150.png 150w, https:\/\/www.lemarket.co\/wp-content\/uploads\/2022\/06\/PIEZA-DE-LANDING-768x768.png 768w, https:\/\/www.lemarket.co\/wp-content\/uploads\/2022\/06\/PIEZA-DE-LANDING.png 1080w\" sizes=\"auto, (max-width: 1024px) 100vw, 1024px\" \/><\/p>\n<h1>Conoce c\u00f3mo transformamos la industria B2B<\/h1>\n<h2>Inbound Marketing<\/h2>\n<p>Atraemos tu p\u00fablico objetivo, convertimos prospectos en<br \/>\nclientes, y te ayudamos a sostener relaciones a largo plazo.<\/p>\n<p><a href=\"https:\/\/www.lemarket.co\/en\/marketing\/inbound-marketing\/\" role=\"button\"><br \/>\nQuiero saber m\u00e1s<br \/>\n<\/a><\/p>\n<h2>Social Selling B2B<\/h2>\n<p>Ayudamos a tu equipo comercial a prospectar m\u00e1s y mejores<br \/>\noportunidades de negocios.<\/p>\n<p><a href=\"https:\/\/www.lemarket.co\/en\/marketing\/social-selling-b2b\/\" role=\"button\"><br \/>\nQuiero saber m\u00e1s<br \/>\n<\/a><\/p>\n<h2>Content Marketing<\/h2>\n<p>Atraemos clientes a trav\u00e9s de la generaci\u00f3n de contenido de calidad.<\/p>\n<p><a href=\"https:\/\/www.lemarket.co\/en\/marketing\/marketing-de-contenidos\/\" role=\"button\"><br \/>\nQuiero saber m\u00e1s<br \/>\n<\/a><\/p>\n<h2>SMarketing<\/h2>\n<p>\u00bfSientes que entre tu \u00e1rea de Marketing y tu \u00e1rea de Ventas no se entienden? Sales + Marketing = la nueva forma de vender m\u00e1s.<\/p>\n<p><a href=\"https:\/\/www.lemarket.co\/en\/smarketing\/\" role=\"button\"><br \/>\nQuiero saber m\u00e1s<br \/>\n<\/a><\/p>\n<h2>Estamos en la era de la integraci\u00f3n<\/h2>\n<p style=\"text-align: center;\">Combinamos t\u00e1cticas donde alineamos marketing y ventas\u00a0 para lograr nuestro objetivo final de manera eficiente.<\/p>\n<h2>Adi\u00f3s al embudo, bienvenido el ciclo<\/h2>\n<p style=\"text-align: center;\">La venta no termina en el cierre. Los clientes necesitan ser nutridos y fidelizados para convertirlos en embajadores de nuestra marca.<\/p>\n<h2>Tu cliente es el protagonista<\/h2>\n<p>Centramos la estrategia de tu empresa en tu comprador, no en tu producto .Construimos el perfil de tu cliente ideal o buyer persona, enfocando tu estrategia en \u00e9l para mejores resultados.<\/p>\n<p><img loading=\"lazy\" decoding=\"async\" width=\"1010\" height=\"1024\" src=\"https:\/\/www.lemarket.co\/wp-content\/uploads\/2022\/06\/man-1010x1024-1.webp\" alt=\"\" srcset=\"https:\/\/www.lemarket.co\/wp-content\/uploads\/2022\/06\/man-1010x1024-1.webp 1010w, https:\/\/www.lemarket.co\/wp-content\/uploads\/2022\/06\/man-1010x1024-1-296x300.webp 296w, https:\/\/www.lemarket.co\/wp-content\/uploads\/2022\/06\/man-1010x1024-1-768x779.webp 768w\" sizes=\"auto, (max-width: 1010px) 100vw, 1010px\" \/><\/p>\n<h2><strong>\u00a1Pasa de ser invisible a visible con tu marca empresarial o personal convirti\u00e9ndote en una Voz Experta!<\/strong><\/h2>\n<p><a href=\"https:\/\/www.lemarket.co\/en\/formulario-ebook\/\" role=\"button\"><br \/>\nDescarga tu e-book<br \/>\n<\/a><br \/>\n<img loading=\"lazy\" decoding=\"async\" width=\"1024\" height=\"1024\" src=\"https:\/\/www.lemarket.co\/wp-content\/uploads\/2022\/06\/BURBUJA-NUEVA_Mesa-de-trabajo-1-1024x1024-1.webp\" alt=\"\" srcset=\"https:\/\/www.lemarket.co\/wp-content\/uploads\/2022\/06\/BURBUJA-NUEVA_Mesa-de-trabajo-1-1024x1024-1.webp 1024w, https:\/\/www.lemarket.co\/wp-content\/uploads\/2022\/06\/BURBUJA-NUEVA_Mesa-de-trabajo-1-1024x1024-1-300x300.webp 300w, https:\/\/www.lemarket.co\/wp-content\/uploads\/2022\/06\/BURBUJA-NUEVA_Mesa-de-trabajo-1-1024x1024-1-150x150.webp 150w, https:\/\/www.lemarket.co\/wp-content\/uploads\/2022\/06\/BURBUJA-NUEVA_Mesa-de-trabajo-1-1024x1024-1-768x768.webp 768w\" sizes=\"auto, (max-width: 1024px) 100vw, 1024px\" \/><\/p>\n<h2>El Marketing digital no est\u00e1 hecho solo para productos de consumo masivo<\/h2>\n<p style=\"overflow-wrap: break-word; margin-bottom: 1rem; color: #212529; font-style: normal; font-weight: 400;\">Entendemos\u00a0 los desaf\u00edos que los sectores industriales experimentan\u00a0 al momento de crear estrategias digitales.<\/p>\n<ul style=\"overflow-wrap: break-word; margin-bottom: 1rem; color: #212529; font-style: normal; font-weight: 400;\">\n<li>Los contenidos est\u00e1n llenos de tecnicismos<\/li>\n<li>La falta de alineaci\u00f3n de marketing y ventas<\/li>\n<li>Se desconoce el comprador digital<\/li>\n<li>No hay un ROI claro en la\u00a0 estrategia digital<\/li>\n<li>La poca generaci\u00f3n de leads calificados<\/li>\n<\/ul>\n<p style=\"overflow-wrap: break-word; margin-bottom: 1rem; color: #212529; font-style: normal; font-weight: 400;\">Es por eso que trabajamos arduamente en desarrollar estrategias reales y aplicables a las diferentes industrias, impactando sectores\u00a0 como: construcci\u00f3n, tecnolog\u00eda, cine, energ\u00eda sostenible, desarrollo ambiental<\/p>\n<h3>Somos Marketing B2B<\/h3>\n<p><a href=\"https:\/\/calendly.com\/lemarket\/conociento-tus-desafios-y-metas\" role=\"button\"><br \/>\nComienza tu proyecto<br \/>\n<\/a><\/p>\n<style>\/*! elementor - v3.6.8 - 27-07-2022 *\/<br \/>\n.elementor-widget-image-box .elementor-image-box-content{width:100%}@media (min-width:768px){.elementor-widget-image-box.elementor-position-left .elementor-image-box-wrapper,.elementor-widget-image-box.elementor-position-right .elementor-image-box-wrapper{display:-webkit-box;display:-ms-flexbox;display:flex}.elementor-widget-image-box.elementor-position-right .elementor-image-box-wrapper{text-align:right;-webkit-box-orient:horizontal;-webkit-box-direction:reverse;-ms-flex-direction:row-reverse;flex-direction:row-reverse}.elementor-widget-image-box.elementor-position-left .elementor-image-box-wrapper{text-align:left;-webkit-box-orient:horizontal;-webkit-box-direction:normal;-ms-flex-direction:row;flex-direction:row}.elementor-widget-image-box.elementor-position-top .elementor-image-box-img{margin:auto}.elementor-widget-image-box.elementor-vertical-align-top .elementor-image-box-wrapper{-webkit-box-align:start;-ms-flex-align:start;align-items:flex-start}.elementor-widget-image-box.elementor-vertical-align-middle .elementor-image-box-wrapper{-webkit-box-align:center;-ms-flex-align:center;align-items:center}.elementor-widget-image-box.elementor-vertical-align-bottom .elementor-image-box-wrapper{-webkit-box-align:end;-ms-flex-align:end;align-items:flex-end}}@media (max-width:767px){.elementor-widget-image-box .elementor-image-box-img{margin-left:auto!important;margin-right:auto!important;margin-bottom:15px}}.elementor-widget-image-box .elementor-image-box-img{display:inline-block}.elementor-widget-image-box .elementor-image-box-title a{color:inherit}.elementor-widget-image-box .elementor-image-box-wrapper{text-align:center}.elementor-widget-image-box .elementor-image-box-description{margin:0}<\/style>\n<figure><img loading=\"lazy\" decoding=\"async\" width=\"1024\" height=\"1024\" src=\"https:\/\/www.lemarket.co\/wp-content\/uploads\/2022\/06\/Empresarios_Mesa-de-trabajo-1-1024x1024-1.webp\" alt=\"\" \/><\/figure>\n<h1>\u00bfBuscas generar resultados, pero atraer leads calificados en tu industria es muy dif\u00edcil?<\/h1>\n<p style=\"overflow-wrap: break-word; margin-bottom: 1rem; color: #212529; font-style: normal; font-weight: 400;\">La atracci\u00f3n de prospectos\u00a0 en el sector B2B es diferente:<\/p>\n<ul style=\"overflow-wrap: break-word; margin-bottom: 1rem; color: #212529; font-style: normal; font-weight: 400;\">\n<li>El viaje de compra es m\u00e1s largo que el de un consumidor final.<\/li>\n<li>El nuevo comprador B2B es m\u00e1s millennial y no conf\u00eda en los vendedores.<\/li>\n<li>Los responsables de la toma de decisiones funcionan como una junta directiva.<\/li>\n<li>Los promedios de facturaci\u00f3n son hasta 2.000 veces mayores que en el sector B2C.<\/li>\n<\/ul>\n<p style=\"overflow-wrap: break-word; margin-bottom: 1rem; color: #212529; font-style: normal; font-weight: 400;\">Entendemos que no puedes llegar a tu cliente de la misma manera que vendes un auto o un perfume.<\/p>\n<h2>No sigas invirtiendo tu dinero en redes o pautas para conseguir prospectos que a\u00fan no est\u00e1n listos para comprar tu servicio<\/h2>\n<h3>\u00a1Haremos que tu cliente llegue a ti de la forma correcta !<\/h3>\n<p><a href=\"https:\/\/calendly.com\/lemarket\/conociento-tus-desafios-y-metas\" role=\"button\"><br \/>\nConversa con un asesor<br \/>\n<\/a><\/p>\n<h2>Testimonios<\/h2>\n<link rel=\"stylesheet\" href=\"https:\/\/www.lemarket.co\/wp-content\/plugins\/elementor-pro\/assets\/css\/widget-carousel.min.css\">\n\t\t\t\t\t\tComo uno de los responsables de la expansi\u00f3n de HubSpot en Latinoam\u00e9rica, Buscaba una Agencia de Marketing con el potencial suficiente para desarrollar servicios de Inbound que le permitieran a la regi\u00f3n crecer en la medida que les damos valor, fue en ese proceso donde a LeMarket, donde no solo apreci\u00e9 un incre\u00edble potencial en ellos para crecer como negocio, sino que me contagiaron con su visi\u00f3n al punto de contratarlos para mejorar mi social selling.<br \/>\n<cite>Ricardo PradoDirector de ventas<\/cite><br \/>\n<img decoding=\"async\" src=\"https:\/\/www.lemarket.co\/wp-content\/uploads\/2022\/06\/hubspot.png\" alt=\"Ricardo Prado\"><br \/>\nParabens!!! Excelente!!! exponemos la gran experiencia del equipo LeMarket. Agradecidos en ESMTCX por la asesor\u00eda y apoyo de nuestras ideas de marketing. Contin\u00faen con la tenacidad e innovaci\u00f3n en esta \u00e1rea tan importante en todas las empresas\u201d<br \/>\n<cite>Edgar SuarezCEO<\/cite><br \/>\n<img decoding=\"async\" src=\"https:\/\/www.lemarket.co\/wp-content\/uploads\/2022\/06\/esmt-op-2.png\" alt=\"Edgar Suarez\"><br \/>\n\u201cLeMarket, ha sido un aliado clave en la planeaci\u00f3n y ejecuci\u00f3n de nuestras estrategias de Marketing; su equipo siempre agrega valor a nuestras ideas y aporta desde su conocimiento a tener el mayor y mejor impacto y retorno de nuestra inversi\u00f3n en temas de mercadeo\u201d<br \/>\n<cite>Leonardo RojasCEO<\/cite><br \/>\n<img decoding=\"async\" src=\"https:\/\/www.lemarket.co\/wp-content\/uploads\/2022\/06\/clouxter-op-2.png\" alt=\"Leonardo Rojas\"><br \/>\nPrevious<br \/>\nNext<\/p>","protected":false},"excerpt":{"rendered":"<p>Somos Marketing B2B Sabemos que uno de los retos m\u00e1s importantes para las empresas del sector B2B es lograr diferenciarse y captar la atenci\u00f3n de nuestros prospectos en un mundo lleno de ofertas de lo mismo. \u00bfC\u00f3mo lograr vender m\u00e1s, sin tener que desgastarnos en invertir m\u00e1s en acciones de marketing? En este E-book te [&hellip;]<\/p>","protected":false},"author":1,"featured_media":0,"parent":0,"menu_order":0,"comment_status":"closed","ping_status":"closed","template":"","meta":{"_acf_changed":false,"content-type":"","footnotes":""},"class_list":["post-370","page","type-page","status-publish","hentry"],"acf":[],"_links":{"self":[{"href":"https:\/\/www.lemarket.co\/en\/wp-json\/wp\/v2\/pages\/370","targetHints":{"allow":["GET"]}}],"collection":[{"href":"https:\/\/www.lemarket.co\/en\/wp-json\/wp\/v2\/pages"}],"about":[{"href":"https:\/\/www.lemarket.co\/en\/wp-json\/wp\/v2\/types\/page"}],"author":[{"embeddable":true,"href":"https:\/\/www.lemarket.co\/en\/wp-json\/wp\/v2\/users\/1"}],"replies":[{"embeddable":true,"href":"https:\/\/www.lemarket.co\/en\/wp-json\/wp\/v2\/comments?post=370"}],"version-history":[{"count":0,"href":"https:\/\/www.lemarket.co\/en\/wp-json\/wp\/v2\/pages\/370\/revisions"}],"wp:attachment":[{"href":"https:\/\/www.lemarket.co\/en\/wp-json\/wp\/v2\/media?parent=370"}],"curies":[{"name":"wp","href":"https:\/\/api.w.org\/{rel}","templated":true}]}}