{"id":52,"date":"2022-05-26T20:10:40","date_gmt":"2022-05-26T20:10:40","guid":{"rendered":"https:\/\/www.lemarket.co\/?page_id=52"},"modified":"2024-01-15T21:37:15","modified_gmt":"2024-01-15T21:37:15","slug":"masterclass","status":"publish","type":"page","link":"https:\/\/www.lemarket.co\/en\/masterclass\/","title":{"rendered":"Masterclass"},"content":{"rendered":"<div data-elementor-type=\"wp-page\" data-elementor-id=\"52\" class=\"elementor elementor-52\" data-elementor-post-type=\"page\">\n\t\t\t\t<div class=\"elementor-element elementor-element-bdbecbe e-flex e-con-boxed e-con e-parent\" data-id=\"bdbecbe\" data-element_type=\"container\" data-settings=\"{&quot;background_background&quot;:&quot;slideshow&quot;,&quot;background_slideshow_gallery&quot;:[{&quot;id&quot;:55,&quot;url&quot;:&quot;http:\\\/\\\/www.lemarket.co\\\/wp-content\\\/uploads\\\/2022\\\/05\\\/2405-banner-masterclass_optimized.jpg&quot;}],&quot;background_slideshow_loop&quot;:&quot;yes&quot;,&quot;background_slideshow_slide_duration&quot;:5000,&quot;background_slideshow_slide_transition&quot;:&quot;fade&quot;,&quot;background_slideshow_transition_duration&quot;:500}\">\n\t\t\t\t\t<div class=\"e-con-inner\">\n\t\t<div class=\"elementor-element elementor-element-5ac089a e-con-full e-flex e-con e-child\" data-id=\"5ac089a\" data-element_type=\"container\">\n\t\t\t\t<div class=\"elementor-element elementor-element-77d1652 elementor-widget elementor-widget-image\" data-id=\"77d1652\" data-element_type=\"widget\" data-widget_type=\"image.default\">\n\t\t\t\t<div class=\"elementor-widget-container\">\n\t\t\t\t\t\t\t\t\t\t\t\t\t\t\t<img decoding=\"async\" width=\"300\" height=\"56\" src=\"https:\/\/www.lemarket.co\/wp-content\/uploads\/2022\/05\/logo-silenab-01-1-300x56.png\" class=\"attachment-medium size-medium wp-image-12\" alt=\"\" srcset=\"https:\/\/www.lemarket.co\/wp-content\/uploads\/2022\/05\/logo-silenab-01-1-300x56.png 300w, https:\/\/www.lemarket.co\/wp-content\/uploads\/2022\/05\/logo-silenab-01-1-1024x191.png 1024w, https:\/\/www.lemarket.co\/wp-content\/uploads\/2022\/05\/logo-silenab-01-1-768x143.png 768w, https:\/\/www.lemarket.co\/wp-content\/uploads\/2022\/05\/logo-silenab-01-1.png 1080w\" sizes=\"(max-width: 300px) 100vw, 300px\" \/>\t\t\t\t\t\t\t\t\t\t\t\t\t\t\t<\/div>\n\t\t\t\t<\/div>\n\t\t\t\t<div class=\"elementor-element elementor-element-43470ed elementor-widget elementor-widget-image\" data-id=\"43470ed\" data-element_type=\"widget\" data-widget_type=\"image.default\">\n\t\t\t\t<div class=\"elementor-widget-container\">\n\t\t\t\t\t\t\t\t\t\t\t\t\t\t\t<img fetchpriority=\"high\" decoding=\"async\" width=\"800\" height=\"127\" src=\"https:\/\/www.lemarket.co\/wp-content\/uploads\/2022\/05\/masterclass22-02-1024x162.png\" class=\"attachment-large size-large wp-image-167\" alt=\"\" srcset=\"https:\/\/www.lemarket.co\/wp-content\/uploads\/2022\/05\/masterclass22-02-1024x162.png 1024w, https:\/\/www.lemarket.co\/wp-content\/uploads\/2022\/05\/masterclass22-02-300x47.png 300w, https:\/\/www.lemarket.co\/wp-content\/uploads\/2022\/05\/masterclass22-02-768x122.png 768w, https:\/\/www.lemarket.co\/wp-content\/uploads\/2022\/05\/masterclass22-02-1536x243.png 1536w, https:\/\/www.lemarket.co\/wp-content\/uploads\/2022\/05\/masterclass22-02-2048x324.png 2048w\" sizes=\"(max-width: 800px) 100vw, 800px\" \/>\t\t\t\t\t\t\t\t\t\t\t\t\t\t\t<\/div>\n\t\t\t\t<\/div>\n\t\t\t\t<div class=\"elementor-element elementor-element-c82259f elementor-widget elementor-widget-heading\" data-id=\"c82259f\" data-element_type=\"widget\" data-widget_type=\"heading.default\">\n\t\t\t\t<div class=\"elementor-widget-container\">\n\t\t\t\t\t<h2 class=\"elementor-heading-title elementor-size-default\">\n<p>\n<p>Voz Experta: la evoluci\u00f3n de la marca personal<\/h2>\t\t\t\t<\/div>\n\t\t\t\t<\/div>\n\t\t<div class=\"elementor-element elementor-element-a193ac5 e-con-full e-flex e-con e-child\" data-id=\"a193ac5\" data-element_type=\"container\">\n\t\t<div class=\"elementor-element elementor-element-d52f357 e-con-full e-flex e-con e-child\" data-id=\"d52f357\" data-element_type=\"container\">\n\t\t\t\t<div class=\"elementor-element elementor-element-135f9ec elementor-widget elementor-widget-text-editor\" data-id=\"135f9ec\" data-element_type=\"widget\" data-widget_type=\"text-editor.default\">\n\t\t\t\t<div class=\"elementor-widget-container\">\n\t\t\t\t\t\t\t\t\t<p style=\"text-align: left;\"><strong>Invierte tan solo 20 minutos en entender c\u00f3mo, porqu\u00e9 y para qu\u00e9 debes convertirte en una voz experta\u00a0<\/strong><\/p>\t\t\t\t\t\t\t\t<\/div>\n\t\t\t\t<\/div>\n\t\t\t\t<\/div>\n\t\t\t\t<\/div>\n\t\t\t\t<div class=\"elementor-element elementor-element-f036906 elementor-widget elementor-widget-text-editor\" data-id=\"f036906\" data-element_type=\"widget\" data-widget_type=\"text-editor.default\">\n\t\t\t\t<div class=\"elementor-widget-container\">\n\t\t\t\t\t\t\t\t\t<p style=\"text-align: left;\"><span style=\"font-weight: 400;\">Una <strong>Master Class<\/strong> que te dar\u00e1 la visi\u00f3n para entender c\u00f3mo pasar de ser invisible en tu negocio a <strong>impactar<\/strong> de manera <strong>masiva<\/strong> tu sector.<\/span><\/p>\t\t\t\t\t\t\t\t<\/div>\n\t\t\t\t<\/div>\n\t\t\t\t<div class=\"elementor-element elementor-element-b82682b elementor-widget elementor-widget-heading\" data-id=\"b82682b\" data-element_type=\"widget\" data-widget_type=\"heading.default\">\n\t\t\t\t<div class=\"elementor-widget-container\">\n\t\t\t\t\t<h2 class=\"elementor-heading-title elementor-size-default\">\u00a1Cambia tu manera de venderte!<\/h2>\t\t\t\t<\/div>\n\t\t\t\t<\/div>\n\t\t\t\t<div class=\"elementor-element elementor-element-209a7cd elementor-widget elementor-widget-html\" data-id=\"209a7cd\" data-element_type=\"widget\" data-widget_type=\"html.default\">\n\t\t\t\t<div class=\"elementor-widget-container\">\n\t\t\t\t\t<script charset=\"utf-8\" type=\"text\/javascript\" src=\"\/\/js.hsforms.net\/forms\/embed\/v2.js\"><\/script>\r\n<script>\r\n  hbspt.forms.create({\r\n    region: \"na1\",\r\n    portalId: \"6585340\",\r\n    formId: \"601e57ec-7347-4ef6-ade0-52c39da8f477\"\r\n  });\r\n<\/script>\t\t\t\t<\/div>\n\t\t\t\t<\/div>\n\t\t\t\t<\/div>\n\t\t<div class=\"elementor-element elementor-element-abf3866 e-con-full e-flex e-con e-child\" data-id=\"abf3866\" data-element_type=\"container\">\n\t\t\t\t<\/div>\n\t\t\t\t\t<\/div>\n\t\t\t\t<\/div>\n\t\t\t\t<\/div>","protected":false},"excerpt":{"rendered":"<p>Voz Experta: la evoluci\u00f3n de la marca personal Invierte tan solo 20 minutos en entender c\u00f3mo, porqu\u00e9 y para qu\u00e9 debes convertirte en una voz experta\u00a0 Una Master Class que te dar\u00e1 la visi\u00f3n para entender c\u00f3mo pasar de ser invisible en tu negocio a impactar de manera masiva tu sector. \u00a1Cambia tu manera de [&hellip;]<\/p>","protected":false},"author":1,"featured_media":0,"parent":0,"menu_order":0,"comment_status":"closed","ping_status":"closed","template":"elementor_canvas","meta":{"_acf_changed":false,"content-type":"","footnotes":""},"class_list":["post-52","page","type-page","status-publish","hentry"],"acf":[],"_links":{"self":[{"href":"https:\/\/www.lemarket.co\/en\/wp-json\/wp\/v2\/pages\/52","targetHints":{"allow":["GET"]}}],"collection":[{"href":"https:\/\/www.lemarket.co\/en\/wp-json\/wp\/v2\/pages"}],"about":[{"href":"https:\/\/www.lemarket.co\/en\/wp-json\/wp\/v2\/types\/page"}],"author":[{"embeddable":true,"href":"https:\/\/www.lemarket.co\/en\/wp-json\/wp\/v2\/users\/1"}],"replies":[{"embeddable":true,"href":"https:\/\/www.lemarket.co\/en\/wp-json\/wp\/v2\/comments?post=52"}],"version-history":[{"count":0,"href":"https:\/\/www.lemarket.co\/en\/wp-json\/wp\/v2\/pages\/52\/revisions"}],"wp:attachment":[{"href":"https:\/\/www.lemarket.co\/en\/wp-json\/wp\/v2\/media?parent=52"}],"curies":[{"name":"wp","href":"https:\/\/api.w.org\/{rel}","templated":true}]}}