{"id":758,"date":"2022-06-23T16:50:56","date_gmt":"2022-06-23T16:50:56","guid":{"rendered":"https:\/\/www.lemarket.co\/?page_id=758"},"modified":"2022-06-25T01:00:09","modified_gmt":"2022-06-25T01:00:09","slug":"politicas-de-privacidad","status":"publish","type":"page","link":"https:\/\/www.lemarket.co\/en\/politicas-de-privacidad\/","title":{"rendered":"Pol\u00edticas de Privacidad"},"content":{"rendered":"<div data-elementor-type=\"wp-page\" data-elementor-id=\"758\" class=\"elementor elementor-758\" data-elementor-post-type=\"page\">\n\t\t\t\t\t\t<section class=\"elementor-section elementor-top-section elementor-element elementor-element-c2a46f0 elementor-section-boxed elementor-section-height-default elementor-section-height-default\" data-id=\"c2a46f0\" data-element_type=\"section\">\n\t\t\t\t\t\t<div class=\"elementor-container elementor-column-gap-default\">\n\t\t\t\t\t<div class=\"elementor-column elementor-col-100 elementor-top-column elementor-element elementor-element-201ad94\" data-id=\"201ad94\" data-element_type=\"column\">\n\t\t\t<div class=\"elementor-widget-wrap elementor-element-populated\">\n\t\t\t\t\t\t\t<\/div>\n\t\t<\/div>\n\t\t\t\t\t<\/div>\n\t\t<\/section>\n\t\t\t\t<section class=\"elementor-section elementor-top-section elementor-element elementor-element-13725c3f elementor-section-boxed elementor-section-height-default elementor-section-height-default\" data-id=\"13725c3f\" data-element_type=\"section\">\n\t\t\t\t\t\t<div class=\"elementor-container elementor-column-gap-default\">\n\t\t\t\t\t<div class=\"elementor-column elementor-col-100 elementor-top-column elementor-element elementor-element-2be5630\" data-id=\"2be5630\" data-element_type=\"column\">\n\t\t\t<div class=\"elementor-widget-wrap elementor-element-populated\">\n\t\t\t\t\t\t<div class=\"elementor-element elementor-element-6ec3071f elementor-widget elementor-widget-heading\" data-id=\"6ec3071f\" data-element_type=\"widget\" data-widget_type=\"heading.default\">\n\t\t\t\t<div class=\"elementor-widget-container\">\n\t\t\t\t\t<h2 class=\"elementor-heading-title elementor-size-default\">POL\u00cdTICA DE PRIVACIDAD<\/h2>\t\t\t\t<\/div>\n\t\t\t\t<\/div>\n\t\t\t\t<div class=\"elementor-element elementor-element-4077209 elementor-widget elementor-widget-spacer\" data-id=\"4077209\" data-element_type=\"widget\" data-widget_type=\"spacer.default\">\n\t\t\t\t<div class=\"elementor-widget-container\">\n\t\t\t\t\t\t\t<div class=\"elementor-spacer\">\n\t\t\t<div class=\"elementor-spacer-inner\"><\/div>\n\t\t<\/div>\n\t\t\t\t\t\t<\/div>\n\t\t\t\t<\/div>\n\t\t\t\t<div class=\"elementor-element elementor-element-ee11f6c elementor-widget elementor-widget-text-editor\" data-id=\"ee11f6c\" data-element_type=\"widget\" data-widget_type=\"text-editor.default\">\n\t\t\t\t<div class=\"elementor-widget-container\">\n\t\t\t\t\t\t\t\t\t<p>El presente Pol\u00edtica de Privacidad establece los t\u00e9rminos en que LeMarket Consulting<br \/>SAS usa y protege la informaci\u00f3n que es proporcionada por sus usuarios al momento<br \/>de utilizar su sitio web. Esta compa\u00f1\u00eda est\u00e1 comprometida con la seguridad de los<br \/>datos de sus usuarios. Cuando le pedimos llenar los campos de informaci\u00f3n personal<br \/>con la cual usted pueda ser identificado, lo hacemos asegurando que s\u00f3lo se emplear\u00e1<br \/>de acuerdo con los t\u00e9rminos de este documento. Sin embargo esta Pol\u00edtica de<br \/>Privacidad puede cambiar con el tiempo o ser actualizada por lo que le recomendamos<br \/>y enfatizamos revisar continuamente esta p\u00e1gina para asegurarse que est\u00e1 de acuerdo<br \/>con dichos cambios.<\/p>\t\t\t\t\t\t\t\t<\/div>\n\t\t\t\t<\/div>\n\t\t\t\t<div class=\"elementor-element elementor-element-55862cf3 elementor-widget elementor-widget-heading\" data-id=\"55862cf3\" data-element_type=\"widget\" data-widget_type=\"heading.default\">\n\t\t\t\t<div class=\"elementor-widget-container\">\n\t\t\t\t\t<h3 class=\"elementor-heading-title elementor-size-default\">Informaci\u00f3n que es recogida<\/h3>\t\t\t\t<\/div>\n\t\t\t\t<\/div>\n\t\t\t\t<div class=\"elementor-element elementor-element-51f6cb50 elementor-widget elementor-widget-spacer\" data-id=\"51f6cb50\" data-element_type=\"widget\" data-widget_type=\"spacer.default\">\n\t\t\t\t<div class=\"elementor-widget-container\">\n\t\t\t\t\t\t\t<div class=\"elementor-spacer\">\n\t\t\t<div class=\"elementor-spacer-inner\"><\/div>\n\t\t<\/div>\n\t\t\t\t\t\t<\/div>\n\t\t\t\t<\/div>\n\t\t\t\t<div class=\"elementor-element elementor-element-398f6c16 elementor-widget elementor-widget-text-editor\" data-id=\"398f6c16\" data-element_type=\"widget\" data-widget_type=\"text-editor.default\">\n\t\t\t\t<div class=\"elementor-widget-container\">\n\t\t\t\t\t\t\t\t\t<p>Nuestro sitio web podr\u00e1 recoger informaci\u00f3n personal por ejemplo:<br \/>Nombre, informaci\u00f3n de contacto como su direcci\u00f3n de correo electr\u00f3nica e<br \/>Nuestro sitio web podr\u00e1 recoger informaci\u00f3n personal por ejemplo:<br \/>Nombre, informaci\u00f3n de contacto como su direcci\u00f3n de correo electr\u00f3nica e<br \/>informaci\u00f3n demogr\u00e1fica. As\u00ed mismo cuando sea necesario podr\u00e1 ser requerida<br \/>informaci\u00f3n espec\u00edfica para procesar alg\u00fan pedido o realizar una entrega o facturaci\u00f3n.<\/p>\t\t\t\t\t\t\t\t<\/div>\n\t\t\t\t<\/div>\n\t\t\t\t<div class=\"elementor-element elementor-element-613241f8 elementor-widget elementor-widget-heading\" data-id=\"613241f8\" data-element_type=\"widget\" data-widget_type=\"heading.default\">\n\t\t\t\t<div class=\"elementor-widget-container\">\n\t\t\t\t\t<h3 class=\"elementor-heading-title elementor-size-default\">Uso de la informaci\u00f3n recogida<\/h3>\t\t\t\t<\/div>\n\t\t\t\t<\/div>\n\t\t\t\t<div class=\"elementor-element elementor-element-3623f7f8 elementor-widget elementor-widget-spacer\" data-id=\"3623f7f8\" data-element_type=\"widget\" data-widget_type=\"spacer.default\">\n\t\t\t\t<div class=\"elementor-widget-container\">\n\t\t\t\t\t\t\t<div class=\"elementor-spacer\">\n\t\t\t<div class=\"elementor-spacer-inner\"><\/div>\n\t\t<\/div>\n\t\t\t\t\t\t<\/div>\n\t\t\t\t<\/div>\n\t\t\t\t<div class=\"elementor-element elementor-element-7998ebe3 elementor-widget elementor-widget-text-editor\" data-id=\"7998ebe3\" data-element_type=\"widget\" data-widget_type=\"text-editor.default\">\n\t\t\t\t<div class=\"elementor-widget-container\">\n\t\t\t\t\t\t\t\t\t<p>Nuestro sitio web emplea la informaci\u00f3n con el fin de proporcionar el mejor servicio<br \/>posible, particularmente para mantener un registro de usuarios, de pedidos en caso<br \/>que aplique, y mejorar nuestros productos y servicios. Es posible que sean enviados<br \/>correos electr\u00f3nicos peri\u00f3dicamente a trav\u00e9s de nuestro sitio con ofertas especiales,<br \/>nuevos productos y otra informaci\u00f3n publicitaria que consideremos relevante para<br \/>usted o que pueda brindarle alg\u00fan beneficio, estos correos electr\u00f3nicos ser\u00e1n enviados<br \/>a la direcci\u00f3n que usted proporcione y podr\u00e1n ser cancelados en cualquier momento.<br \/>LeMarket Consulting SAS est\u00e1 altamente comprometido para cumplir con el<br \/>compromiso de mantener su informaci\u00f3n segura. Usamos los sistemas m\u00e1s avanzados<br \/>y los actualizamos constantemente para asegurarnos que no exista ning\u00fan acceso no<br \/>autorizado.<\/p>\t\t\t\t\t\t\t\t<\/div>\n\t\t\t\t<\/div>\n\t\t\t\t<div class=\"elementor-element elementor-element-6f3dc1b elementor-widget elementor-widget-heading\" data-id=\"6f3dc1b\" data-element_type=\"widget\" data-widget_type=\"heading.default\">\n\t\t\t\t<div class=\"elementor-widget-container\">\n\t\t\t\t\t<h3 class=\"elementor-heading-title elementor-size-default\">Cookies<\/h3>\t\t\t\t<\/div>\n\t\t\t\t<\/div>\n\t\t\t\t<div class=\"elementor-element elementor-element-17ebbe9d elementor-widget elementor-widget-spacer\" data-id=\"17ebbe9d\" data-element_type=\"widget\" data-widget_type=\"spacer.default\">\n\t\t\t\t<div class=\"elementor-widget-container\">\n\t\t\t\t\t\t\t<div class=\"elementor-spacer\">\n\t\t\t<div class=\"elementor-spacer-inner\"><\/div>\n\t\t<\/div>\n\t\t\t\t\t\t<\/div>\n\t\t\t\t<\/div>\n\t\t\t\t<div class=\"elementor-element elementor-element-4079cf08 elementor-widget elementor-widget-text-editor\" data-id=\"4079cf08\" data-element_type=\"widget\" data-widget_type=\"text-editor.default\">\n\t\t\t\t<div class=\"elementor-widget-container\">\n\t\t\t\t\t\t\t\t\t<p>Una cookie se refiere a un fichero que es enviado con la finalidad de solicitar permiso<br \/>para almacenarse en su ordenador, al aceptar dicho fichero se crea y la cookie sirve<br \/>entonces para tener informaci\u00f3n respecto al tr\u00e1fico web, y tambi\u00e9n facilita las futuras<br \/>visitas a una web recurrente. Otra funci\u00f3n que tienen las cookies es que con ellas las<br \/>web pueden reconocerte individualmente y por tanto brindarte el mejor servicio<br \/>personalizado de su web.<br \/>Nuestro sitio web emplea las cookies para poder identificar las p\u00e1ginas que son<br \/>visitadas y su frecuencia. Esta informaci\u00f3n es empleada \u00fanicamente para an\u00e1lisis<br \/>estad\u00edstico y despu\u00e9s la informaci\u00f3n se elimina de forma permanente. Usted puede<br \/>eliminar las cookies en cualquier momento desde su ordenador. Sin embargo las<br \/>cookies ayudan a proporcionar un mejor servicio de los sitios web, est\u00e1s no dan acceso<br \/>a informaci\u00f3n de su ordenador ni de usted, a menos de que usted as\u00ed lo quiera y la<br \/>proporcione directamente . Usted puede aceptar o negar el uso de cookies, sin<br \/>embargo la mayor\u00eda de navegadores aceptan cookies autom\u00e1ticamente pues sirve para<br \/>tener un mejor servicio web. Tambi\u00e9n usted puede cambiar la configuraci\u00f3n de su<br \/>ordenador para declinar las cookies. Si se declinan es posible que no pueda utilizar<br \/>algunos de nuestros servicios.<\/p>\t\t\t\t\t\t\t\t<\/div>\n\t\t\t\t<\/div>\n\t\t\t\t<div class=\"elementor-element elementor-element-2c5dae16 elementor-widget elementor-widget-heading\" data-id=\"2c5dae16\" data-element_type=\"widget\" data-widget_type=\"heading.default\">\n\t\t\t\t<div class=\"elementor-widget-container\">\n\t\t\t\t\t<h3 class=\"elementor-heading-title elementor-size-default\">Enlaces a Terceros<\/h3>\t\t\t\t<\/div>\n\t\t\t\t<\/div>\n\t\t\t\t<div class=\"elementor-element elementor-element-508c20c1 elementor-widget elementor-widget-spacer\" data-id=\"508c20c1\" data-element_type=\"widget\" data-widget_type=\"spacer.default\">\n\t\t\t\t<div class=\"elementor-widget-container\">\n\t\t\t\t\t\t\t<div class=\"elementor-spacer\">\n\t\t\t<div class=\"elementor-spacer-inner\"><\/div>\n\t\t<\/div>\n\t\t\t\t\t\t<\/div>\n\t\t\t\t<\/div>\n\t\t\t\t<div class=\"elementor-element elementor-element-c732924 elementor-widget elementor-widget-text-editor\" data-id=\"c732924\" data-element_type=\"widget\" data-widget_type=\"text-editor.default\">\n\t\t\t\t<div class=\"elementor-widget-container\">\n\t\t\t\t\t\t\t\t\t<p>Este sitio web pudiera contener en laces a otros sitios que pudieran ser de su inter\u00e9s.<br \/>Una vez que usted de clic en estos enlaces y abandone nuestra p\u00e1gina, ya no tenemos<br \/>control sobre al sitio al que es redirigido y por lo tanto no somos responsables de los<br \/>t\u00e9rminos o privacidad ni de la protecci\u00f3n de sus datos en esos otros sitios terceros.<br \/>Dichos sitios est\u00e1n sujetos a sus propias pol\u00edticas de privacidad por lo cual es<br \/>recomendable que los consulte para confirmar que usted est\u00e1 de acuerdo con estas.<\/p>\t\t\t\t\t\t\t\t<\/div>\n\t\t\t\t<\/div>\n\t\t\t\t<div class=\"elementor-element elementor-element-e913d7a elementor-widget elementor-widget-heading\" data-id=\"e913d7a\" data-element_type=\"widget\" data-widget_type=\"heading.default\">\n\t\t\t\t<div class=\"elementor-widget-container\">\n\t\t\t\t\t<h3 class=\"elementor-heading-title elementor-size-default\">Control de su informaci\u00f3n personal<\/h3>\t\t\t\t<\/div>\n\t\t\t\t<\/div>\n\t\t\t\t<div class=\"elementor-element elementor-element-240ae31e elementor-widget elementor-widget-spacer\" data-id=\"240ae31e\" data-element_type=\"widget\" data-widget_type=\"spacer.default\">\n\t\t\t\t<div class=\"elementor-widget-container\">\n\t\t\t\t\t\t\t<div class=\"elementor-spacer\">\n\t\t\t<div class=\"elementor-spacer-inner\"><\/div>\n\t\t<\/div>\n\t\t\t\t\t\t<\/div>\n\t\t\t\t<\/div>\n\t\t\t\t<div class=\"elementor-element elementor-element-12e12963 elementor-widget elementor-widget-text-editor\" data-id=\"12e12963\" data-element_type=\"widget\" data-widget_type=\"text-editor.default\">\n\t\t\t\t<div class=\"elementor-widget-container\">\n\t\t\t\t\t\t\t\t\t<p>En cualquier momento usted puede restringir la recopilaci\u00f3n o el uso de la informaci\u00f3n<br \/>personal que es proporcionada a nuestro sitio web. Cada vez que se le solicite rellenar<br \/>un formulario, como el de alta de usuario, puede marcar o desmarcar la opci\u00f3n de<br \/>recibir informaci\u00f3n por correo electr\u00f3nico. En caso de que haya marcado la opci\u00f3n de<br \/>recibir nuestro bolet\u00edn o publicidad usted puede cancelarla en cualquier momento.<br \/>Esta compa\u00f1\u00eda no vender\u00e1, ceder\u00e1 ni distribuir\u00e1 la informaci\u00f3n personal que es<br \/>recopilada sin su consentimiento, salvo que sea requerido por un juez con un orden<br \/>judicial.<br \/>Lemarket Se reserva el derecho de cambiar los t\u00e9rminos de la presente Pol\u00edtica de<br \/>Privacidad en cualquier momento.<br \/>Esta pol\u00edtica de privacidad se han generado en LeMarket Consulting SAS.<\/p>\t\t\t\t\t\t\t\t<\/div>\n\t\t\t\t<\/div>\n\t\t\t\t\t<\/div>\n\t\t<\/div>\n\t\t\t\t\t<\/div>\n\t\t<\/section>\n\t\t\t\t<\/div>","protected":false},"excerpt":{"rendered":"<p>POL\u00cdTICA DE PRIVACIDAD El presente Pol\u00edtica de Privacidad establece los t\u00e9rminos en que LeMarket ConsultingSAS usa y protege la informaci\u00f3n que es proporcionada por sus usuarios al momentode utilizar su sitio web. Esta compa\u00f1\u00eda est\u00e1 comprometida con la seguridad de losdatos de sus usuarios. Cuando le pedimos llenar los campos de informaci\u00f3n personalcon la cual [&hellip;]<\/p>","protected":false},"author":1,"featured_media":0,"parent":0,"menu_order":0,"comment_status":"closed","ping_status":"closed","template":"","meta":{"_acf_changed":false,"content-type":"","footnotes":""},"class_list":["post-758","page","type-page","status-publish","hentry"],"acf":[],"_links":{"self":[{"href":"https:\/\/www.lemarket.co\/en\/wp-json\/wp\/v2\/pages\/758","targetHints":{"allow":["GET"]}}],"collection":[{"href":"https:\/\/www.lemarket.co\/en\/wp-json\/wp\/v2\/pages"}],"about":[{"href":"https:\/\/www.lemarket.co\/en\/wp-json\/wp\/v2\/types\/page"}],"author":[{"embeddable":true,"href":"https:\/\/www.lemarket.co\/en\/wp-json\/wp\/v2\/users\/1"}],"replies":[{"embeddable":true,"href":"https:\/\/www.lemarket.co\/en\/wp-json\/wp\/v2\/comments?post=758"}],"version-history":[{"count":0,"href":"https:\/\/www.lemarket.co\/en\/wp-json\/wp\/v2\/pages\/758\/revisions"}],"wp:attachment":[{"href":"https:\/\/www.lemarket.co\/en\/wp-json\/wp\/v2\/media?parent=758"}],"curies":[{"name":"wp","href":"https:\/\/api.w.org\/{rel}","templated":true}]}}