{"id":954,"date":"2022-06-24T22:03:07","date_gmt":"2022-06-24T22:03:07","guid":{"rendered":"https:\/\/www.lemarket.co\/?page_id=954"},"modified":"2022-06-25T00:35:59","modified_gmt":"2022-06-25T00:35:59","slug":"social-selling-b2b","status":"publish","type":"page","link":"https:\/\/www.lemarket.co\/en\/social-selling-b2b\/","title":{"rendered":"Social Selling B2B"},"content":{"rendered":"<div data-elementor-type=\"wp-page\" data-elementor-id=\"954\" class=\"elementor elementor-954\" data-elementor-post-type=\"page\">\n\t\t\t\t\t\t<section class=\"elementor-section elementor-top-section elementor-element elementor-element-35c37818 elementor-section-content-middle elementor-section-height-min-height elementor-section-boxed elementor-section-height-default elementor-section-items-middle\" data-id=\"35c37818\" data-element_type=\"section\">\n\t\t\t\t\t\t<div class=\"elementor-container elementor-column-gap-wider\">\n\t\t\t\t\t<div class=\"elementor-column elementor-col-50 elementor-top-column elementor-element elementor-element-4e158829 elementor-invisible\" data-id=\"4e158829\" data-element_type=\"column\" data-settings=\"{&quot;background_background&quot;:&quot;classic&quot;,&quot;animation&quot;:&quot;bounceInLeft&quot;}\">\n\t\t\t<div class=\"elementor-widget-wrap elementor-element-populated\">\n\t\t\t\t\t<div class=\"elementor-background-overlay\"><\/div>\n\t\t\t\t\t\t<section class=\"elementor-section elementor-inner-section elementor-element elementor-element-2ac50b5f elementor-section-boxed elementor-section-height-default elementor-section-height-default\" data-id=\"2ac50b5f\" data-element_type=\"section\" data-settings=\"{&quot;background_background&quot;:&quot;classic&quot;}\">\n\t\t\t\t\t\t<div class=\"elementor-container elementor-column-gap-default\">\n\t\t\t\t\t<div class=\"elementor-column elementor-col-100 elementor-inner-column elementor-element elementor-element-6673b763\" data-id=\"6673b763\" data-element_type=\"column\">\n\t\t\t<div class=\"elementor-widget-wrap elementor-element-populated\">\n\t\t\t\t\t\t<div class=\"elementor-element elementor-element-60634b18 elementor-invisible elementor-widget elementor-widget-heading\" data-id=\"60634b18\" data-element_type=\"widget\" data-settings=\"{&quot;_animation&quot;:&quot;bounceInLeft&quot;}\" data-widget_type=\"heading.default\">\n\t\t\t\t<div class=\"elementor-widget-container\">\n\t\t\t\t\t<h2 class=\"elementor-heading-title elementor-size-default\">Social Selling B2B<\/h2>\t\t\t\t<\/div>\n\t\t\t\t<\/div>\n\t\t\t\t\t<\/div>\n\t\t<\/div>\n\t\t\t\t\t<\/div>\n\t\t<\/section>\n\t\t\t\t\t<\/div>\n\t\t<\/div>\n\t\t\t\t<div class=\"elementor-column elementor-col-50 elementor-top-column elementor-element elementor-element-5604f22\" data-id=\"5604f22\" data-element_type=\"column\">\n\t\t\t<div class=\"elementor-widget-wrap elementor-element-populated\">\n\t\t\t\t\t\t<div class=\"elementor-element elementor-element-5a929edf elementor-widget elementor-widget-heading\" data-id=\"5a929edf\" data-element_type=\"widget\" data-widget_type=\"heading.default\">\n\t\t\t\t<div class=\"elementor-widget-container\">\n\t\t\t\t\t<h2 class=\"elementor-heading-title elementor-size-default\">\u00bfCu\u00e1les son los desaf\u00edos?<\/h2>\t\t\t\t<\/div>\n\t\t\t\t<\/div>\n\t\t\t\t<div class=\"elementor-element elementor-element-bf8fdb4 elementor-widget elementor-widget-text-editor\" data-id=\"bf8fdb4\" data-element_type=\"widget\" data-widget_type=\"text-editor.default\">\n\t\t\t\t<div class=\"elementor-widget-container\">\n\t\t\t\t\t\t\t\t\t<p>Generar diferenciaci\u00f3n en un mundo donde las empresas se centran cada vez m\u00e1s en desarrollar mejor su producto o servicio ya no es suficiente.<br \/><br \/>Ya no se responden las llamadas en fr\u00edo ni se abren los correos electr\u00f3nicos, por lo que los equipos de ventas tienen cada vez m\u00e1s dificultades para generar clientes potenciales sin depender de una llamada telef\u00f3nica o de la espera en el vest\u00edbulo de una oficina.<\/p><p>Hoy en d\u00eda, la confianza y la experiencia que sus l\u00edderes empresariales y comerciales generan en el consumidor es esencial, ya que ser\u00e1 lo que marque la verdadera diferencia con la competencia.<\/p>\t\t\t\t\t\t\t\t<\/div>\n\t\t\t\t<\/div>\n\t\t\t\t\t<\/div>\n\t\t<\/div>\n\t\t\t\t\t<\/div>\n\t\t<\/section>\n\t\t\t\t<section class=\"elementor-section elementor-top-section elementor-element elementor-element-7299ecc4 elementor-section-boxed elementor-section-height-default elementor-section-height-default\" data-id=\"7299ecc4\" data-element_type=\"section\">\n\t\t\t\t\t\t<div class=\"elementor-container elementor-column-gap-default\">\n\t\t\t\t\t<div class=\"elementor-column elementor-col-100 elementor-top-column elementor-element elementor-element-6d349794\" data-id=\"6d349794\" data-element_type=\"column\">\n\t\t\t<div class=\"elementor-widget-wrap elementor-element-populated\">\n\t\t\t\t\t\t<div class=\"elementor-element elementor-element-6d2291f6 elementor-widget elementor-widget-heading\" data-id=\"6d2291f6\" data-element_type=\"widget\" data-widget_type=\"heading.default\">\n\t\t\t\t<div class=\"elementor-widget-container\">\n\t\t\t\t\t<h2 class=\"elementor-heading-title elementor-size-default\">\u00a1As\u00ed te ayudamos a resolverlo!<\/h2>\t\t\t\t<\/div>\n\t\t\t\t<\/div>\n\t\t\t\t\t<\/div>\n\t\t<\/div>\n\t\t\t\t\t<\/div>\n\t\t<\/section>\n\t\t\t\t<section class=\"elementor-section elementor-top-section elementor-element elementor-element-6849ff72 elementor-section-boxed elementor-section-height-default elementor-section-height-default\" data-id=\"6849ff72\" data-element_type=\"section\">\n\t\t\t\t\t\t<div class=\"elementor-container elementor-column-gap-wider\">\n\t\t\t\t\t<div class=\"elementor-column elementor-col-50 elementor-top-column elementor-element elementor-element-2cde3b92\" data-id=\"2cde3b92\" data-element_type=\"column\">\n\t\t\t<div class=\"elementor-widget-wrap elementor-element-populated\">\n\t\t\t\t\t\t<div class=\"elementor-element elementor-element-1bd9d2de elementor-invisible elementor-widget elementor-widget-text-editor\" data-id=\"1bd9d2de\" data-element_type=\"widget\" data-settings=\"{&quot;_animation&quot;:&quot;bounceInLeft&quot;}\" data-widget_type=\"text-editor.default\">\n\t\t\t\t<div class=\"elementor-widget-container\">\n\t\t\t\t\t\t\t\t\t<p>Implementaci\u00f3n de una estrategia digital potenciada con tu equipo de ventas que ayude a conectar con tu p\u00fablico objetivo y tu marca comercial, incluyendo las siguientes fases y t\u00e9cnicas.<\/p><ul><li>Manejo de redes profesionales de l\u00edderes (Vocer\u00eda experta)<\/li><li>Contenidos especializados para equipos de ventas<\/li><li>Estrategias integradas entre perfil empresarial y perfiles profesionales.<\/li><li>Entrenamientos en prospecci\u00f3n digital e identificaci\u00f3n de posibles compradores.<\/li><\/ul>\t\t\t\t\t\t\t\t<\/div>\n\t\t\t\t<\/div>\n\t\t\t\t\t<\/div>\n\t\t<\/div>\n\t\t\t\t<div class=\"elementor-column elementor-col-50 elementor-top-column elementor-element elementor-element-274a2322\" data-id=\"274a2322\" data-element_type=\"column\">\n\t\t\t<div class=\"elementor-widget-wrap elementor-element-populated\">\n\t\t\t\t\t\t<div class=\"elementor-element elementor-element-20118f19 elementor-invisible elementor-widget elementor-widget-text-editor\" data-id=\"20118f19\" data-element_type=\"widget\" data-settings=\"{&quot;_animation&quot;:&quot;bounceInRight&quot;}\" data-widget_type=\"text-editor.default\">\n\t\t\t\t<div class=\"elementor-widget-container\">\n\t\t\t\t\t\t\t\t\t<ul><li>Entrenamientos en relacionamiento digital que le permita a tu equipo de ventas estrechar relaciones de manera digital.<\/li><li>Desarrollo de bases de datos con perfiles altamente calificados<\/li><li>Integraci\u00f3n a tu pipeline de ventas<\/li><\/ul>\t\t\t\t\t\t\t\t<\/div>\n\t\t\t\t<\/div>\n\t\t\t\t\t<\/div>\n\t\t<\/div>\n\t\t\t\t\t<\/div>\n\t\t<\/section>\n\t\t\t\t<section class=\"elementor-section elementor-top-section elementor-element elementor-element-1236b0f9 elementor-section-boxed elementor-section-height-default elementor-section-height-default\" data-id=\"1236b0f9\" data-element_type=\"section\">\n\t\t\t\t\t\t<div class=\"elementor-container elementor-column-gap-default\">\n\t\t\t\t\t<div class=\"elementor-column elementor-col-100 elementor-top-column elementor-element elementor-element-2dfc3429\" data-id=\"2dfc3429\" data-element_type=\"column\">\n\t\t\t<div class=\"elementor-widget-wrap elementor-element-populated\">\n\t\t\t\t\t\t<div class=\"elementor-element elementor-element-1c7f92f8 elementor-widget elementor-widget-heading\" data-id=\"1c7f92f8\" data-element_type=\"widget\" data-widget_type=\"heading.default\">\n\t\t\t\t<div class=\"elementor-widget-container\">\n\t\t\t\t\t<h2 class=\"elementor-heading-title elementor-size-default\">\u00a1Estos son los beneficios para tu empresa!<\/h2>\t\t\t\t<\/div>\n\t\t\t\t<\/div>\n\t\t\t\t\t<\/div>\n\t\t<\/div>\n\t\t\t\t\t<\/div>\n\t\t<\/section>\n\t\t\t\t<section class=\"elementor-section elementor-top-section elementor-element elementor-element-8b577dd elementor-section-boxed elementor-section-height-default elementor-section-height-default\" data-id=\"8b577dd\" data-element_type=\"section\">\n\t\t\t\t\t\t<div class=\"elementor-container elementor-column-gap-wider\">\n\t\t\t\t\t<div class=\"elementor-column elementor-col-50 elementor-top-column elementor-element elementor-element-783839a\" data-id=\"783839a\" data-element_type=\"column\">\n\t\t\t<div class=\"elementor-widget-wrap elementor-element-populated\">\n\t\t\t\t\t\t<div class=\"elementor-element elementor-element-4227402e elementor-widget elementor-widget-spacer\" data-id=\"4227402e\" data-element_type=\"widget\" data-widget_type=\"spacer.default\">\n\t\t\t\t<div class=\"elementor-widget-container\">\n\t\t\t\t\t\t\t<div class=\"elementor-spacer\">\n\t\t\t<div class=\"elementor-spacer-inner\"><\/div>\n\t\t<\/div>\n\t\t\t\t\t\t<\/div>\n\t\t\t\t<\/div>\n\t\t\t\t<div class=\"elementor-element elementor-element-605f3274 elementor-invisible elementor-widget elementor-widget-text-editor\" data-id=\"605f3274\" data-element_type=\"widget\" data-settings=\"{&quot;_animation&quot;:&quot;bounceInLeft&quot;}\" data-widget_type=\"text-editor.default\">\n\t\t\t\t<div class=\"elementor-widget-container\">\n\t\t\t\t\t\t\t\t\t<p>El Social Selling consiste en establecer relaciones y ganarse la confianza de tu prospecto para que llegue a ti.\u00a0 \u00a0<\/p><p>Las estrategias desde la marca empresarial no son suficientes, por esta raz\u00f3n es fundamental que inicies integrando a tus colaboradores en el desarrollo de una estrategia integrada de Social Selling.<\/p><p>Con ciclos de venta m\u00e1s largos y m\u00faltiples responsables de la toma de decisiones, estas dos cosas juegan un papel m\u00e1s importante que nunca en las ventas B2B.<\/p>\t\t\t\t\t\t\t\t<\/div>\n\t\t\t\t<\/div>\n\t\t\t\t\t<\/div>\n\t\t<\/div>\n\t\t\t\t<div class=\"elementor-column elementor-col-50 elementor-top-column elementor-element elementor-element-4a0b8794\" data-id=\"4a0b8794\" data-element_type=\"column\">\n\t\t\t<div class=\"elementor-widget-wrap elementor-element-populated\">\n\t\t\t\t\t\t<div class=\"elementor-element elementor-element-2c25e21b elementor-invisible elementor-widget elementor-widget-text-editor\" data-id=\"2c25e21b\" data-element_type=\"widget\" data-settings=\"{&quot;_animation&quot;:&quot;bounceInRight&quot;}\" data-widget_type=\"text-editor.default\">\n\t\t\t\t<div class=\"elementor-widget-container\">\n\t\t\t\t\t\t\t\t\t<p>\u00a0<\/p><ul><li>Conecta con las personas adecuadas en el momento adecuado,\u00a0<\/li><li>Ayuda a aumentar la eficacia del cierre, as\u00ed como a disminuir el tiempo necesario para convertir un lead en un cliente.<\/li><li>Permite aprovechar la experiencia de sus vendedores y su red.<\/li><li>Aumenta el sentido de pertenencia de tus colaboradores y el empoderamiento con la marca empresarial.<\/li><li>Genera diferenciaci\u00f3n con la competencia, aportando valor a trav\u00e9s de contenido de calidad.<\/li><li>Posicionamos tu marca y tu equipo de trabajo como expertos en tu sector industrial<\/li><li>Humanizar tu marca empresarial.<\/li><\/ul>\t\t\t\t\t\t\t\t<\/div>\n\t\t\t\t<\/div>\n\t\t\t\t\t<\/div>\n\t\t<\/div>\n\t\t\t\t\t<\/div>\n\t\t<\/section>\n\t\t\t\t<section class=\"elementor-section elementor-top-section elementor-element elementor-element-45ce83e9 elementor-section-boxed elementor-section-height-default elementor-section-height-default\" data-id=\"45ce83e9\" data-element_type=\"section\">\n\t\t\t\t\t\t<div class=\"elementor-container elementor-column-gap-wider\">\n\t\t\t\t\t<div class=\"elementor-column elementor-col-100 elementor-top-column elementor-element elementor-element-48a88c1c\" data-id=\"48a88c1c\" data-element_type=\"column\">\n\t\t\t<div class=\"elementor-widget-wrap elementor-element-populated\">\n\t\t\t\t\t\t<div class=\"elementor-element elementor-element-3a34e655 elementor-align-center elementor-invisible elementor-widget elementor-widget-button\" data-id=\"3a34e655\" data-element_type=\"widget\" data-settings=\"{&quot;_animation&quot;:&quot;bounceInDown&quot;}\" data-widget_type=\"button.default\">\n\t\t\t\t<div class=\"elementor-widget-container\">\n\t\t\t\t\t\t\t\t\t<div class=\"elementor-button-wrapper\">\n\t\t\t\t\t<a class=\"elementor-button elementor-button-link elementor-size-lg\" href=\"https:\/\/calendly.com\/lemarket\/conociento-tus-desafios-y-metas\">\n\t\t\t\t\t\t<span class=\"elementor-button-content-wrapper\">\n\t\t\t\t\t\t\t\t\t<span class=\"elementor-button-text\">Quiero empezar un proyecto<\/span>\n\t\t\t\t\t<\/span>\n\t\t\t\t\t<\/a>\n\t\t\t\t<\/div>\n\t\t\t\t\t\t\t\t<\/div>\n\t\t\t\t<\/div>\n\t\t\t\t\t<\/div>\n\t\t<\/div>\n\t\t\t\t\t<\/div>\n\t\t<\/section>\n\t\t\t\t<\/div>","protected":false},"excerpt":{"rendered":"<p>Social Selling B2B \u00bfCu\u00e1les son los desaf\u00edos? Generar diferenciaci\u00f3n en un mundo donde las empresas se centran cada vez m\u00e1s en desarrollar mejor su producto o servicio ya no es suficiente. Ya no se responden las llamadas en fr\u00edo ni se abren los correos electr\u00f3nicos, por lo que los equipos de ventas tienen cada vez [&hellip;]<\/p>","protected":false},"author":1,"featured_media":0,"parent":0,"menu_order":0,"comment_status":"closed","ping_status":"closed","template":"","meta":{"_acf_changed":false,"content-type":"","footnotes":""},"class_list":["post-954","page","type-page","status-publish","hentry"],"acf":[],"_links":{"self":[{"href":"https:\/\/www.lemarket.co\/en\/wp-json\/wp\/v2\/pages\/954","targetHints":{"allow":["GET"]}}],"collection":[{"href":"https:\/\/www.lemarket.co\/en\/wp-json\/wp\/v2\/pages"}],"about":[{"href":"https:\/\/www.lemarket.co\/en\/wp-json\/wp\/v2\/types\/page"}],"author":[{"embeddable":true,"href":"https:\/\/www.lemarket.co\/en\/wp-json\/wp\/v2\/users\/1"}],"replies":[{"embeddable":true,"href":"https:\/\/www.lemarket.co\/en\/wp-json\/wp\/v2\/comments?post=954"}],"version-history":[{"count":0,"href":"https:\/\/www.lemarket.co\/en\/wp-json\/wp\/v2\/pages\/954\/revisions"}],"wp:attachment":[{"href":"https:\/\/www.lemarket.co\/en\/wp-json\/wp\/v2\/media?parent=954"}],"curies":[{"name":"wp","href":"https:\/\/api.w.org\/{rel}","templated":true}]}}